{"id":51,"date":"2023-12-19T10:00:00","date_gmt":"2023-12-19T09:00:00","guid":{"rendered":"https:\/\/www.vsg-altglienicke.de\/tanzen\/?page_id=51"},"modified":"2025-12-11T17:16:20","modified_gmt":"2025-12-11T16:16:20","slug":"obligatorisches","status":"publish","type":"page","link":"https:\/\/www.vsg-altglienicke.de\/tanzen\/obligatorisches\/","title":{"rendered":"Allgemeines"},"content":{"rendered":"\n<p><\/p>\n\n\n\n<p><strong>Die Abteilung im \u00dcberblick<\/strong><br>Auf dieser Seite stellen wir die wesentlichen Punkte zur Mitgliedschaft in der Abteilung Tanzen vor.<\/p>\n\n\n\n<p><strong>Abteilungsleitung<\/strong><br>Aktuell setzt sich unsere Abteilungsleitung aus folgenden Mitgliedern zusammen:<br>Abteilungsleiter: Mario Leist<br>Stellvertreter: Frank Folte<br>Kassenwart: Barbara Pannier <\/p>\n\n\n\n<p>Schriftf\u00fchrer\/Events: Heike Baumann<\/p>\n\n\n\n<p><strong>Training an gesetzlichen Feiertagen<\/strong><br>Die Feiertage dienen der Erholung. Daher findet an solchen Tagen kein Training statt!<\/p>\n\n\n\n<p><strong>Gruppensprecher<\/strong><br>Jede Trainingsgruppe w\u00e4hlt einen Gruppensprecher, der als erster Ansprechpartner f\u00fcr die Gruppe dient und den Kontakt zur Abteilungsleitung h\u00e4lt. Wichtige Informationen werden \u00fcber die Gruppensprecher verteilt.<br>Tanzkreis 1. Jenny<br>Tanzkreis&nbsp; 2. Adrian<br>Tanzkreis&nbsp; 3. Annette<\/p>\n\n\n\n<p><strong>Mitgliedsbeitrag<\/strong><br>Laut Satzung der VSG Altglienicke besteht f\u00fcr alle Mitglieder die Pflicht Beitr\u00e4ge zu entrichten.<br>Der Monatsbeitrag betr\u00e4gt ab Januar 2026 18 \u20ac pro Mitglied nach Beschlu\u00df der Mitgliederversammlung am 30.11.2025. Der Beitrag sollte als Jahresbeitrag bis Ende Februar entrichtet werden.<\/p>\n\n\n\n<p><strong>Erm\u00e4\u00dfigter Beitrag<\/strong><br>Der erm\u00e4\u00dfigte Beitrag betr\u00e4gt 14 \u20ac und wird f\u00fcr Mitglieder gew\u00e4hrt, die mindestens eine der folgenden Bedingungen erf\u00fcllen.<br>\u2013 Mitglieder anderer VSG-Abteilungen (Kopie Mitgliedsausweis)<br>\u2013 Sch\u00fcler, Studenten, Azubi (Kopie des Sch\u00fcler-\/Lehr-\/Studenten-Ausweises)<br>\u2013 Arbeitslose (Beleg \u00fcber Bezug von ALG)<br>\u2013 Sozial&nbsp; Benachteiligte ( mit Beleg )<br>\u2013 Rentner mit Anspruch auf Grundsicherung (Beleg \u00fcber Erhalt der Grundsicherung)<br>Daf\u00fcr ist dem Kassenwart ein entsprechender Beleg vorzulegen.<\/p>\n\n\n\n<p><strong>Reduzierter Beitrag<\/strong><br>Ein reduzierter Beitrag von 4 \u20ac wird Mitgliedern gew\u00e4hrt, die keine Leistungen des Vereins in Anspruch nehmen k\u00f6nnen. Die <strong>passive<\/strong> Mitgliedschaft ist schriftlich oder per E-Mail bei der Abteilungsleitung zu beantragen und wird im folgenden Fall gew\u00e4hrt:<br>Eigene Krankheit oder die des Tanzpartners (mind. 3 Monate)<br>Mit dem Wegfall des Grundes ist wieder der volle Beitrag zu zahlen.<\/p>\n\n\n\n<p><strong>K\u00fcndigung<\/strong><br>lt. \u00a75 Absatz 5 und 6 der VSG Satzung: \u201cDer Austritt muss der Abteilung oder dem Vorstand gegen\u00fcber schriftlich erkl\u00e4rt werden. Die K\u00fcndigung kann zum 30.06. und zum 31.12. des laufenden Kalenderjahres mit einmonatiger K\u00fcndigungsfrist erfolgen. Nach Beendigung der Mitgliedschaft bleibt die Zahlungspflicht der bis zu diesem Zeitpunkt f\u00e4llig gewordenen Betr\u00e4ge bestehen. Bei gezahltem Jahresbeitrag wird der Differenzbetrag erstattet.<br>Die Satzung der VSG findet Ihr auf der Hauptseite des Vereins.<\/p>\n\n\n\n<p><strong>Zahlweise<\/strong><br>Es ist ausschlie\u00dflich die bargeldlose Zahlung mittels \u00dcberweisung auf das Konto der Abteilung Tanzen m\u00f6glich.<\/p>\n\n\n\n<p>Kontoinhaber: VSG Altglienicke, Abt. Tanzen<br>Bank: Deutsche Skatbank<br>IBAN: \u201cBitte bei der Abteilungsleitung erfragen\u201d<br>Verwendungszweck: Namen, Vorname (bei Paaren alle Vornamen) und den Bezahlzeitraum angeben<\/p>\n\n\n\n<p><strong>Verhaltensregeln<\/strong><br>Wir nutzen als Verein die Turnhalle der Grundschule am Berg. Um das auch zuk\u00fcnftig zu erhalten, gibt es ein paar Regeln, an die sich die Vereinsmitglieder zu halten haben:<br>Das Schulgel\u00e4nde darf von unseren Vereinsmitgliedern nicht mit Kraftfahrzeugen befahren werden<br>Wenn wir den Zugang Lianenweg nutzen, sollte das Tor geschlossen gehalten werden (jeder der durchgeht, macht das Tor hinterher wieder zu). Damit ist nicht das Abschlie\u00dfen gemeint!<br>Keine Nutzung des Spielplatzes.<br>Keine Schl\u00fcsselweitergabe an Fremde.<\/p>\n\n\n\n<p><strong>W\u00f6chentliche \u00dcbungszeiten<\/strong><br>Alle \u00dcbungszeiten finden in der Turnhalle der Schule am Berg in Altglienicke statt. Der Eingang der Turnhalle ist \u00fcber den Lianenweg zu erreichen.<br>Wenn am Samstag eine vom Verein durchgef\u00fchrte Veranstaltung stattfindet, f\u00e4llt am nachfolgenden Sonntag das Training aus und die Halle wird abgemeldet.<br>Bei Temperaturen \u00fcber 30\u00b0 Celsius (RBB Tafeln 162\/163 am Freitag 19:00 Uhr Vorhersage f\u00fcr den Sonntag) wird die Halle ebenfalls von der Leitung abgemeldet, die Gruppensprecher erhalten dann zur Weiterleitung eine entsprechende Mitteilung. Wenn sich trotz der hohen Temperatur Gruppen zum Training treffen wollen, k\u00f6nnen sie die Halle trotzdem nutzen, m\u00fcssen sich aber um den Hallenschl\u00fcssel k\u00fcmmern und selbst Musik auflegen.<br><strong>Bitte beachten:<\/strong> An gesetzlichen Feiertagen findet kein Training statt!<\/p>\n\n\n\n<p><strong>Kurse:<\/strong><br>Freitag 18.00 &#8211; 19.30 Uhr Freies Tanzen (Gruppen\u00fcbergreifend) oder Schnupperkurs f\u00fcr neue Mitglieder <br>Sonntag 11.30 -13.00 Uhr Tanzkreis 1<br>Sonntag 17.00 -18.30 Uhr Tanzkreis 2<br>Sonntag 19.00 &#8211; 21.00 Uhr Tanzkreis 3<br><br><\/p>\n\n\n\n<p><strong>Freies Tanzen:<\/strong><br>Das freie Tanzen dient der Vertiefung des Erlernten f\u00fcr alle Gruppen! Hier gilt, wer Spa\u00df hat, kann alles tanzen was er m\u00f6chte. Zur Unterst\u00fctzung bei Fragen ist ein \u00dcbungsleiter anwesend.<\/p>\n\n\n\n<p><\/p>\n","protected":false},"excerpt":{"rendered":"<p>Die Abteilung im \u00dcberblickAuf dieser Seite stellen wir die wesentlichen Punkte zur Mitgliedschaft in der Abteilung Tanzen vor. AbteilungsleitungAktuell setzt sich unsere Abteilungsleitung aus folgenden Mitgliedern zusammen:Abteilungsleiter: Mario LeistStellvertreter: Frank FolteKassenwart: Barbara Pannier Schriftf\u00fchrer\/Events: Heike Baumann Training an gesetzlichen FeiertagenDie &hellip; <a href=\"https:\/\/www.vsg-altglienicke.de\/tanzen\/obligatorisches\/\">Weiterlesen <span class=\"meta-nav\">&rarr;<\/span><\/a><\/p>\n","protected":false},"author":8,"featured_media":0,"parent":0,"menu_order":0,"comment_status":"closed","ping_status":"closed","template":"","meta":{"ngg_post_thumbnail":0,"footnotes":""},"class_list":["post-51","page","type-page","status-publish","hentry"],"_links":{"self":[{"href":"https:\/\/www.vsg-altglienicke.de\/tanzen\/wp-json\/wp\/v2\/pages\/51","targetHints":{"allow":["GET"]}}],"collection":[{"href":"https:\/\/www.vsg-altglienicke.de\/tanzen\/wp-json\/wp\/v2\/pages"}],"about":[{"href":"https:\/\/www.vsg-altglienicke.de\/tanzen\/wp-json\/wp\/v2\/types\/page"}],"author":[{"embeddable":true,"href":"https:\/\/www.vsg-altglienicke.de\/tanzen\/wp-json\/wp\/v2\/users\/8"}],"replies":[{"embeddable":true,"href":"https:\/\/www.vsg-altglienicke.de\/tanzen\/wp-json\/wp\/v2\/comments?post=51"}],"version-history":[{"count":33,"href":"https:\/\/www.vsg-altglienicke.de\/tanzen\/wp-json\/wp\/v2\/pages\/51\/revisions"}],"predecessor-version":[{"id":1172,"href":"https:\/\/www.vsg-altglienicke.de\/tanzen\/wp-json\/wp\/v2\/pages\/51\/revisions\/1172"}],"wp:attachment":[{"href":"https:\/\/www.vsg-altglienicke.de\/tanzen\/wp-json\/wp\/v2\/media?parent=51"}],"curies":[{"name":"wp","href":"https:\/\/api.w.org\/{rel}","templated":true}]}}