{"id":38,"date":"2023-12-19T10:50:00","date_gmt":"2023-12-19T09:50:00","guid":{"rendered":"https:\/\/www.vsg-altglienicke.de\/tanzen\/?page_id=38"},"modified":"2026-01-15T17:47:19","modified_gmt":"2026-01-15T16:47:19","slug":"abteilung-tanzen","status":"publish","type":"page","link":"https:\/\/www.vsg-altglienicke.de\/tanzen\/","title":{"rendered":"Abteilung Tanzen"},"content":{"rendered":"\n<p>Wir sind eine Abteilung im Verein VSG Altglienicke e.V.. Unser Motto ist der Spa\u00df am Tanzen f\u00fcr jeden von 18 bis 80 Jahren. Bei uns ist f\u00fcr jeden etwas dabei und das in ungezwungener Atmosph\u00e4re.<\/p>\n\n\n\n<p>Das Angebot unseres Vereins umfasst die Standard- und Lateint\u00e4nze wie Walzer, Cha-Cha-Cha, Rumba, Tango, Wiener Walzer, Quickstepp, Jive, Disco Fox, Foxtrott. Da es bei uns locker zugeht, kann auch mal der eine oder andere Gruppentanz wie Line Dance dabei sein.<\/p>\n\n\n\n<p>Ein bis zweimal im Jahr veranstalten wir auch Workshops mit ausgesuchten T\u00e4nzen.<\/p>\n\n\n\n<p>Da wir die Turnhalle der Schule am Berg zur Verf\u00fcgung haben, ist gen\u00fcgend Platz zum \u00dcben vorhanden. Also keine Scheu und einfach mal vorbeikommen. Wer Interesse hat, nimmt sich Sonntags ab 11.30 Uhr\u00a0 etwas Zeit und nimmt Kontakt auf oder sendet eine Email an <strong>&#x6c;&#x65;&#x69;&#x74;&#x65;&#x72;&#x74;&#x61;&#x6e;&#x7a;&#x65;&#x6e;&#x40;&#x76;&#x73;&#x67;&#x2d;&#x61;&#x6c;&#x74;&#x67;&#x6c;&#x69;&#x65;&#x6e;&#x69;&#x63;&#x6b;&#x65;&#x2e;&#x64;&#x65;<\/strong> um weitere Informationen zu erhalten.<\/p>\n\n\n\n<p><\/p>\n","protected":false},"excerpt":{"rendered":"<p>Wir sind eine Abteilung im Verein VSG Altglienicke e.V.. Unser Motto ist der Spa\u00df am Tanzen f\u00fcr jeden von 18 bis 80 Jahren. Bei uns ist f\u00fcr jeden etwas dabei und das in ungezwungener Atmosph\u00e4re. Das Angebot unseres Vereins umfasst &hellip; <a href=\"https:\/\/www.vsg-altglienicke.de\/tanzen\/\">Weiterlesen <span class=\"meta-nav\">&rarr;<\/span><\/a><\/p>\n","protected":false},"author":8,"featured_media":0,"parent":0,"menu_order":0,"comment_status":"closed","ping_status":"closed","template":"","meta":{"ngg_post_thumbnail":0,"footnotes":""},"class_list":["post-38","page","type-page","status-publish","hentry"],"_links":{"self":[{"href":"https:\/\/www.vsg-altglienicke.de\/tanzen\/wp-json\/wp\/v2\/pages\/38","targetHints":{"allow":["GET"]}}],"collection":[{"href":"https:\/\/www.vsg-altglienicke.de\/tanzen\/wp-json\/wp\/v2\/pages"}],"about":[{"href":"https:\/\/www.vsg-altglienicke.de\/tanzen\/wp-json\/wp\/v2\/types\/page"}],"author":[{"embeddable":true,"href":"https:\/\/www.vsg-altglienicke.de\/tanzen\/wp-json\/wp\/v2\/users\/8"}],"replies":[{"embeddable":true,"href":"https:\/\/www.vsg-altglienicke.de\/tanzen\/wp-json\/wp\/v2\/comments?post=38"}],"version-history":[{"count":12,"href":"https:\/\/www.vsg-altglienicke.de\/tanzen\/wp-json\/wp\/v2\/pages\/38\/revisions"}],"predecessor-version":[{"id":1174,"href":"https:\/\/www.vsg-altglienicke.de\/tanzen\/wp-json\/wp\/v2\/pages\/38\/revisions\/1174"}],"wp:attachment":[{"href":"https:\/\/www.vsg-altglienicke.de\/tanzen\/wp-json\/wp\/v2\/media?parent=38"}],"curies":[{"name":"wp","href":"https:\/\/api.w.org\/{rel}","templated":true}]}}