{"id":193,"date":"2020-03-10T18:00:39","date_gmt":"2020-03-10T17:00:39","guid":{"rendered":"https:\/\/www.vsg-altglienicke.de\/tanzen\/?page_id=193"},"modified":"2024-12-10T06:18:42","modified_gmt":"2024-12-10T05:18:42","slug":"galerie","status":"publish","type":"page","link":"https:\/\/www.vsg-altglienicke.de\/tanzen\/galerie\/","title":{"rendered":"Galerie"},"content":{"rendered":"\n<p><strong>Jahresabschlussfest &#8211; Winterturnier<\/strong> <strong>23.11.2024<\/strong><\/p>\n\n\n\n<p>Wir stellen nach und nach weitere Bilder online. Schaut gern \u00f6fter mal rein. <\/p>\n\n\n\n<figure class=\"wp-block-gallery has-nested-images columns-default is-cropped wp-block-gallery-1 is-layout-flex wp-block-gallery-is-layout-flex\">\n<figure class=\"wp-block-image size-large\"><img loading=\"lazy\" decoding=\"async\" width=\"1024\" height=\"768\" data-id=\"1099\" src=\"https:\/\/www.vsg-altglienicke.de\/tanzen\/wp-content\/uploads\/2024\/12\/20241123_213117-1024x768.jpg\" alt=\"\" class=\"wp-image-1099\" srcset=\"https:\/\/www.vsg-altglienicke.de\/tanzen\/wp-content\/uploads\/2024\/12\/20241123_213117-1024x768.jpg 1024w, https:\/\/www.vsg-altglienicke.de\/tanzen\/wp-content\/uploads\/2024\/12\/20241123_213117-300x225.jpg 300w, https:\/\/www.vsg-altglienicke.de\/tanzen\/wp-content\/uploads\/2024\/12\/20241123_213117-768x576.jpg 768w, https:\/\/www.vsg-altglienicke.de\/tanzen\/wp-content\/uploads\/2024\/12\/20241123_213117-1536x1152.jpg 1536w, https:\/\/www.vsg-altglienicke.de\/tanzen\/wp-content\/uploads\/2024\/12\/20241123_213117-2048x1536.jpg 2048w, https:\/\/www.vsg-altglienicke.de\/tanzen\/wp-content\/uploads\/2024\/12\/20241123_213117-400x300.jpg 400w\" sizes=\"auto, (max-width: 1024px) 100vw, 1024px\" \/><\/figure>\n<\/figure>\n\n\n\n<p><strong>Draisine fahren am 22.06.2019<\/strong><\/p>\n\n\n\n<p class=\"has-normal-font-size\"><a href=\"https:\/\/www.vsg-altglienicke.de\/tanzen\/draisine-am-22-juni-2019\/\">Bilder Draisine am 22. Juni 2019<\/a><br>Am 22. Juni trafen sich 14 Tanzfreunde gegen 10 Uhr am Bahnhof in Zossen. Schon die Hinfahrt von Berlin nach Zossen durch die sch\u00f6ne Landschaft s\u00fcdlich von Berlin war ein Erlebnis. <\/p>\n\n\n\n<div class=\"wp-block-media-text alignwide has-media-on-the-right is-stacked-on-mobile\" style=\"grid-template-columns:auto 54%\"><div class=\"wp-block-media-text__content\">\n<p class=\"has-normal-font-size\">Am Bahnhof angekommen gab es eine kurze Einweisung f\u00fcr die  Fahrraddraisinen.  Einem Gestell aus zwei &#8220;Fahrr\u00e4dern&#8221; mit einer Bank in  der Mitte. Bevor es los ging wurden mitgebrachte Getr\u00e4nke und  Fingerfood verstaut.  <\/p>\n<\/div><figure class=\"wp-block-media-text__media\"><img decoding=\"async\" src=\"https:\/\/www.vsg-altglienicke.de\/tanzen\/wp-content\/gallery\/draisine-am-22-juni-2019\/Draisine_2019_01.jpg\" alt=\"\"\/><\/figure><\/div>\n\n\n\n<p class=\"has-normal-font-size\">Bei sch\u00f6nstem Sommerwetter und mit bester Laune strampelten wir die ersten Kilometer in die Landschaft. Die Fahrt wurde hier und da unterbrochen, wenn Stra\u00dfen gekreuzt werden mussten. Die Strecke war mit Schranken versehen, die die ungehinderte Weiterfahrt der Fahrraddraisinen an Stra\u00dfen verhindern sollte. Eine Vorsichtsma\u00dfnahme. So radelten die einen, andere machten super Spr\u00fcche und genossen die Aussicht und wieder andere mussten die Schranken bedienen. Wir fuhren an Feldern vorbei, durch kleinere Ortschaften und durch ausgedehnte W\u00e4lder. Kreuzten mehrere Stra\u00dfen und waren nicht die Einzigen Verr\u00fcckten auf der Schiene. Der erste gro\u00dfe Halt war der Bahnhof Mellensee. Dort wurden die 75 Kilogramm schweren Gef\u00e4hrte von den Schienen gehoben und geparkt. Einige probierten ein k\u00fchles Hefeweizen und andere die Minigolfanlage. Weiter ging es vorbei am Schlafwagenhotel in Rehagen, am Bahnhof Sperenberg, am Bahnhof Sch\u00f6nefeld. Danach teilte sich die Strecke. Links ging es zum Strandbad Sperenberg und gerade aus ging es Richtung J\u00fcterbog. Irgendwann auf der Strecke wurden die Draisinen von den Schienen gehoben, die Decken im Gras ausgebreitet und Rast gemacht. Nach dieser wohlverdienten Pause wurden die Draisinen wieder auf die Schienen gestellt und es ging zur\u00fcck in Richtung Zossen. An der Gabelung wurden die Draisinen auf ein anderes Gleis gehoben, da die Weiche sich nicht verstellen lies. Von hier an waren es noch zwei oder drei Kilometer und die Schienen endeten abrupt an S\u00fcsselbecks Eisbutze. Alle nahmen ihre Sachen und liefen zum Strandbad Sperenberg am Krummer See. Nach dem Schwitzen auf der Schiene eine willkommene Abk\u00fchlung. <\/p>\n\n\n\n<div class=\"wp-block-group alignwide\"><div class=\"wp-block-group__inner-container is-layout-flow wp-block-group-is-layout-flow\">\n<div class=\"wp-block-media-text alignwide is-stacked-on-mobile\" style=\"grid-template-columns:52% auto\"><figure class=\"wp-block-media-text__media\"><img decoding=\"async\" src=\"https:\/\/www.vsg-altglienicke.de\/tanzen\/wp-content\/gallery\/draisine-am-22-juni-2019\/Draisine_2019_04.jpg\" alt=\"\"\/><\/figure><div class=\"wp-block-media-text__content\">\n<p style=\"font-size:15px\">An S\u00fcsselbecks Eisbutze gab es vor der Abfahrt noch ein Softeis, die  Draisinen wurden wieder fahrt\u00fcchtig gemacht und es ging zur\u00fcck nach  Zossen. Auf der Strecke wurde in Mellensee kurz halt gemacht und kurz  vor 18 Uhr konnten wir die Draisinen in Zossen abgeben. <\/p>\n<\/div><\/div>\n<\/div><\/div>\n\n\n\n<p>Rundum ein gelungener Ausflug. Das Wetter spielte mit und die circa 25 Kilometer Strecke waren gut zu schaffen. Ich sagte ja schon zwei radelten und zwei konnten ausruhen. So konnte \u00f6fter gewechselt werden. Am Ende meinten alle es war genug aber man k\u00f6nnte es nochmal machen. <\/p>\n\n\n\n<p><a href=\"https:\/\/www.vsg-altglienicke.de\/tanzen\/buergerhaus-2019\/\">Bilder vom Fr\u00fchjahrsturnier 2019<\/a><br> Wir sind stolz darauf, unseren Mitgliedern als gemeinn\u00fctziger Verein geringe monatliche Beitr\u00e4ge bieten zu k\u00f6nnen. Aus diesem Grund haben wir f\u00fcr alle Aktivit\u00e4ten ein sehr begrenztes Budget. Eine gro\u00dfe Kunst ist es daher geeignete und bezahlbare R\u00e4ume f\u00fcr Tanzturniere zu finden. Nach langer Suche konnte die diesj\u00e4hrige Veranstaltung des Tanzvereins im April 2019 im B\u00fcrgerhaus Altglienicke stattfinden. Dies haben wir dem Leiter des Facility Managments des Bezirksamtes Treptow-K\u00f6penick, Herrn Torsten Kurz zu verdanken. Dass unser Turnier ein voller Erfolg wurde, ist auch ein Verdienst von Frau Ines Hoffmann, der Leiterin des B\u00fcrgerhauses. Wir konnten den gro\u00dfen Saal, die K\u00fcche und den vom Team Outreach \u00fcberlassenen Garten des B\u00fcrgerhauses vorbehaltlos nutzen. Nat\u00fcrlich geht der Dank auch an alle Mitwirkenden, die die Veranstaltung so liebevoll vorbereitet und gestaltet haben. Das B\u00fcrgerhaus ist ein Kleinod im Kosmos-Viertel und wir w\u00fcrden uns freuen, es weiterhin nutzen zu d\u00fcrfen. <\/p>\n\n\n\n<p><a href=\"https:\/\/www.vsg-altglienicke.de\/tanzen\/jahresabschlussfest-2017\/\">Bilder vom Jahresabschlussfest 2017<\/a><br> Auch in diesem Jahr haben wir das Jahr im Teikyo Hotel in Schm\u00f6ckwitz ausklingen lassen. Und das mit reger Beteiligung, wie das Gruppenbild eindrucksvoll beweist. Zu Beginn der Veranstaltung konnte die Abteilungsleitung auf ein erfolgreiches Jahr zur\u00fcckblicken und unsere Mitglieder mit den aktuellen Fakten versorgen. Anschlie\u00dfend wurde mit einem reichhaltigen Buffet die Grundlage f\u00fcr einen langen Tanzabend gelegt. Getanzt wurde ausgiebig und dabei keine Stilrichtung ausgelassen. Auch diesmal konnten wir Michael Gro\u00dfer und Partnerin Steffanie f\u00fcr einen kleinen Workshop begeistern. Mit einer Bachata wurde das Karibikgef\u00fchl nach Berlin geholt.<\/p>\n\n\n\n<p>Bilder Tanzwochenende 2017<br> Wie angek\u00fcndigt, sind wir in diesem Jahr zu Hause geblieben. Wir konnten Daniela und Frank Dempewolf nach Berlin locken und unter ihrer kompetenten Anleitung viele neue Anregungen gewinnen.<\/p>\n\n\n\n<p><a href=\"https:\/\/www.vsg-altglienicke.de\/tanzen\/bilder-von-unserer-tanzreise-2016\/\">Bilder von unserer Tanzreise 2016<\/a><br> Auf der Suche nach neuen Ideen und M\u00f6glichkeiten hatten wir uns dieses Jahr entschieden, \u00fcber den Veranstalter &#8220;Max tanzt&#8221; ein Tanzwochenende zu veranstalten. Mit Begeisterung waren unsere Paare unter der fachkundigen Betreuung von Daniela und Frank Dempewolf bei der Sache. Da es sehr gut angenommen wurde, wollen wir diese Veranstaltung auch im kommenden Jahr fortsetzen.<\/p>\n","protected":false},"excerpt":{"rendered":"<p>Jahresabschlussfest &#8211; Winterturnier 23.11.2024 Wir stellen nach und nach weitere Bilder online. Schaut gern \u00f6fter mal rein. Draisine fahren am 22.06.2019 Bilder Draisine am 22. Juni 2019Am 22. Juni trafen sich 14 Tanzfreunde gegen 10 Uhr am Bahnhof in Zossen. &hellip; <a href=\"https:\/\/www.vsg-altglienicke.de\/tanzen\/galerie\/\">Weiterlesen <span class=\"meta-nav\">&rarr;<\/span><\/a><\/p>\n","protected":false},"author":8,"featured_media":0,"parent":0,"menu_order":0,"comment_status":"closed","ping_status":"closed","template":"","meta":{"ngg_post_thumbnail":0,"footnotes":""},"class_list":["post-193","page","type-page","status-publish","hentry"],"_links":{"self":[{"href":"https:\/\/www.vsg-altglienicke.de\/tanzen\/wp-json\/wp\/v2\/pages\/193","targetHints":{"allow":["GET"]}}],"collection":[{"href":"https:\/\/www.vsg-altglienicke.de\/tanzen\/wp-json\/wp\/v2\/pages"}],"about":[{"href":"https:\/\/www.vsg-altglienicke.de\/tanzen\/wp-json\/wp\/v2\/types\/page"}],"author":[{"embeddable":true,"href":"https:\/\/www.vsg-altglienicke.de\/tanzen\/wp-json\/wp\/v2\/users\/8"}],"replies":[{"embeddable":true,"href":"https:\/\/www.vsg-altglienicke.de\/tanzen\/wp-json\/wp\/v2\/comments?post=193"}],"version-history":[{"count":19,"href":"https:\/\/www.vsg-altglienicke.de\/tanzen\/wp-json\/wp\/v2\/pages\/193\/revisions"}],"predecessor-version":[{"id":1102,"href":"https:\/\/www.vsg-altglienicke.de\/tanzen\/wp-json\/wp\/v2\/pages\/193\/revisions\/1102"}],"wp:attachment":[{"href":"https:\/\/www.vsg-altglienicke.de\/tanzen\/wp-json\/wp\/v2\/media?parent=193"}],"curies":[{"name":"wp","href":"https:\/\/api.w.org\/{rel}","templated":true}]}}