{"id":738,"date":"2024-07-21T10:07:20","date_gmt":"2024-07-21T10:07:20","guid":{"rendered":"http:\/\/vsg01.local\/?page_id=738"},"modified":"2025-02-16T15:13:31","modified_gmt":"2025-02-16T14:13:31","slug":"datenschutz","status":"publish","type":"page","link":"https:\/\/www.vsg-altglienicke.de\/fussball\/datenschutz\/","title":{"rendered":"Datenschutz"},"content":{"rendered":"\t\t<div data-elementor-type=\"wp-page\" data-elementor-id=\"738\" class=\"elementor elementor-738\" data-elementor-post-type=\"page\">\n\t\t\t\t<div class=\"elementor-element elementor-element-bd41615 e-con-full e-flex e-con e-parent\" data-id=\"bd41615\" data-element_type=\"container\">\n\t\t\t\t<div class=\"elementor-element elementor-element-3e1caa4 elementor-widget elementor-widget-spacer\" data-id=\"3e1caa4\" data-element_type=\"widget\" data-widget_type=\"spacer.default\">\n\t\t\t\t<div class=\"elementor-widget-container\">\n\t\t\t\t\t<div class=\"elementor-spacer\">\n\t\t\t<div class=\"elementor-spacer-inner\"><\/div>\n\t\t<\/div>\n\t\t\t\t<\/div>\n\t\t\t\t<\/div>\n\t\t<div class=\"elementor-element elementor-element-584b6ec e-con-full e-flex e-con e-child\" data-id=\"584b6ec\" data-element_type=\"container\">\n\t\t\t\t<div class=\"elementor-element elementor-element-339ea04 elementor-widget elementor-widget-heading\" data-id=\"339ea04\" data-element_type=\"widget\" data-widget_type=\"heading.default\">\n\t\t\t\t<div class=\"elementor-widget-container\">\n\t\t\t<h2 class=\"elementor-heading-title elementor-size-default\">Datenschutzerkl\u00e4rung<\/h2>\t\t<\/div>\n\t\t\t\t<\/div>\n\t\t\t\t<div class=\"elementor-element elementor-element-2bd5289 elementor-widget elementor-widget-text-editor\" data-id=\"2bd5289\" data-element_type=\"widget\" data-widget_type=\"text-editor.default\">\n\t\t\t\t<div class=\"elementor-widget-container\">\n\t\t\t\t\t\t\t<p><strong>Datenschutzordnung der VSG Altglienicke e.V.<\/strong><\/p><p><strong>Teil A- Allgemeines und Zust\u00e4ndigkeiten<\/strong><\/p><p>\u00a71 Gesetzlichkeiten<\/p><p>Die Volkssport Gemeinschaft Altglienicke e.V. verarbeitet personenbezogene Daten z.B. im Rahmen der Vereinsverwaltung, der Organisation des Sportbetriebs, der \u00d6ffentlichkeitsarbeit und der Historie des Vereins. Um die Vorgaben der EU-Datenschutz-Grundverordnung (DSGVO) und des Bundesdatenschutzgesetzes zu erf\u00fcllen, Datenschutzverst\u00f6\u00dfe zu vermeiden und einen einheitlichen Umgang mit personenbezogenen Daten innerhalb des Vereins zu gew\u00e4hrleisten, gibt sich der Verein diese Datenschutzordnung.<\/p><p>\u00a72 Begriffe<br \/>Zur besseren Lesbarkeit der Datenschutzordnung der VSG Altglienicke e.V. werden nachfolgende Begriffe verwendet.<br \/><u>Mitglieder <\/u>sind alle aktiven Sportler und Sportlerinnen sowie Passive, die in der zentralen Mitgliederdatenbank der VSG Altglienicke e.V. erfasst sind.<\/p><p><u>Teilnehmer<\/u>\u00a0sind Teilnehmer und Teilnehmerinnen, die an sportlichen Veranstaltungen der VSG Altglienicke e.V. teilnehmen, ggf. auch Zuschauer und Zuschauerinnen.<\/p><p><u>Mitarbeiter<\/u>\u00a0sind alle f\u00fcr die VSG Altglienicke e.V. t\u00e4tigen \u00dcbungsleiter und \u00dcbungsleiterinnen, Mitarbeiter und Mitarbeiterinnen, sonstige Ehrenamtliche und Angestellte unabh\u00e4ngig davon, ob sie Mitglied oder kein Mitglied des Vereins sind.<\/p><p>\u00a73 Datenschutzbeauftragter<\/p><p>Da im Verein nur ein Mitarbeiter mit der F\u00fchrung der zentralen Mitgliederdatenbank beauftragt ist und weitere Mitarbeiter nicht st\u00e4ndig mit dieser Mitgliederdatenbank arbeiten, wird kein Datenschutzbeauftragter benannt.<\/p><p>\u00a74 Zust\u00e4ndigkeiten f\u00fcr die Datenverarbeitung im Verein<\/p><p>Verantwortlich f\u00fcr die Einhaltung der datenschutzrechtlichen Vorgaben ist der gesch\u00e4ftsf\u00fchrende Vorstand nach \u00a7 26 BGB, zu erreichen unter der Anschrift:<\/p><p><strong>VSG Altglienicke e.V.<\/strong><br \/>Alter Sch\u00f6nfelder Weg 20<br \/>12524 Berlin<\/p><p>Die F\u00fchrung der zentralen Mitgliederdatenbank obliegt dem Vorstandsmitglied \u201eBeisitzer\u201c, der\/die mit der Aufgabe der statistischen Mitgliedererfassung durch den gesch\u00e4ftsf\u00fchrenden Vorstand beauftragt wurde. Anfragen, Infos und Widerspruch \u00fcber E-Mail\u00a0<a href=\"http:\/\/rendering\/95042\">datenschutz@vsg-altglienicke.de<\/a>.<\/p><p>\u00a75 Beschwerdestelle<\/p><p>Die f\u00fcr die VSG Altglienicke e.V. zust\u00e4ndige Datenschutzaufsichtsbeh\u00f6rde ist:<\/p><p>Berliner Beauftragte f\u00fcr Datenschutz und Informationsfreiheit<\/p><p>Friedrichstra\u00dfe 219<\/p><p>10969 Berlin<\/p><p><strong>Teil B- Personenbezogene Daten\u00a0<\/strong><\/p><p><strong>\u00a7<\/strong>1 Erhebung personenbezogener Daten<\/p><ol><li>Der Verein erfasst auf der Ebene des Vereinsvorstandes f\u00fcr die zentrale Mitgliederdatenbank personenbezogene Daten von Mitgliedern und Mitarbeitern. Die Mitgliedererfassung erfolgt analog \u00fcber einen schriftlichen Aufnahmeantrag, der beim zust\u00e4ndigen Vorstandsmitglied f\u00fcr Statistik \u201eBeisitzer\u201c verbleibt bzw. digital \u00fcber Eingabemasken kommerzieller Vereinssoftware auf den jeweiligen Internetseiten der Abteilungen. Die personenbezogenen Daten werden auf dem Server des Softwareanbieters gespeichert. Weiterhin werden die Daten in einer digitalen zentralen Mitgliederdatenbank erfasst, die das Vorstandsmitglied f\u00fcr Statistik verwaltet. Der Zugriff auf die Datens\u00e4tze der Datentr\u00e4ger ist passwortgesch\u00fctzt.<\/li><li>Die Erhebung der personenbezogenen Daten erfolgt nach dem Prinzip der Datenminimierung.<\/li><li>Im Rahmen des Mitgliedschaftsverh\u00e4ltnisses erfasst der Verein insbesondere die folgenden personenbezogenen Daten seiner Mitglieder: Vorname, Nachname, Anschrift (Stra\u00dfe, Hausnummer, Postleitzahl, Ort), Geburtsdatum, Geburtsort, Datum des Vereinsbeitritts, Abteilungs- und ggf. Mannschaftszugeh\u00f6rigkeit, ggf. die Namen und Kontaktdaten der gesetzlichen Vertreter, Telefonnummern, E-Mail-Adresse sofern angegeben und ggf. Bankdaten f\u00fcr den Einzug von Mitgliedsbeitr\u00e4gen.<\/li><li>W\u00e4hrend der Mitgliedschaft k\u00f6nnen weitere zweckgebundene Daten von Mitgliedern oder Mitarbeitern in der zentralen Mitgliederdatenbank mit aufgenommen werden, wie z.B. Informationen zu \u00dcbungsleitert\u00e4tigkeiten, Auszeichnungen, Vereinshistorie, Unterlagen f\u00fcr die Finanzabwicklung usw.<\/li><li>Die Mitglieder und Mitarbeiter sind zur Mitteilung bei Ver\u00e4nderungen ihrer personenbezogenen Daten verpflichtet. Dazu kann das nachfolgende Mitteilungsblatt genutzt werden\u00a0<a href=\"https:\/\/www.vsg-altglienicke.de\/vorstand13\/download.html\">\u00c4nderungsmitteilung<\/a>.<\/li><li>Sofern gesetzliche Vorgaben dazu verpflichten, muss die VSG Altglienicke e.V. personenbezogene Daten von Teilnehmern abfragen und speichern (z.B. bei Pandemieauflagen).<\/li><\/ol><p>\u00a72 Verarbeitung personenbezogener Daten der Mitglieder<\/p><ul><li>Die erfassten personenbezogen Daten der Mitgliederwerden im Verein zweckgebunden zum F\u00fchren der zentralen Mitgliederdatenbank und damit zur Erstellung von Vereinsstatistiken f\u00fcr Dachverb\u00e4nde und sonstiger Institutionen\/Dienstleister sowie zur Information f\u00fcr die Mitgliederversammlungen verarbeitet.<\/li><li>Der Verein verarbeitet die Daten unterschiedlicher Kategorien von Mitgliedern und Mitarbeitern. F\u00fcr jede Kategorie von betroffenen Mitgliedern und Mitarbeitern wird im Verzeichnis der Verarbeitungst\u00e4tigkeiten ein Einzelblatt angelegt.<\/li><\/ul><p>\u00a73 Verwendung personenbezogener Daten f\u00fcr den Wettkampfbetrieb Verarbeitung personenbezogener Daten f\u00fcr den Wettkampfbetrieb<\/p><ol><li>Im Rahmen der Zugeh\u00f6rigkeit zu den Landes- und Sportdachverb\u00e4nden, deren Sportarten im Verein betrieben werden, sind personenbezogene Daten der Mitglieder durch die jeweiligen Abteilungen weiterzuleiten, soweit die Mitglieder eine Berechtigung zur Teilnahme am Wettkampfbetrieb der Verb\u00e4nde beantragen (z.B. Startpass, Spielerpass, Lizenz) und an solchen Veranstaltungen teilnehmen.<\/li><\/ol><p>\u00a74 Verwendung personenbezogener Daten im Rahmen der \u00d6ffentlichkeitsarbeit<\/p><ol><li>Im Rahmen der \u00d6ffentlichkeitsarbeit \u00fcber Vereinsaktivit\u00e4ten werden zweckgebundene personenbezogene Daten in Aush\u00e4ngen, in Vereinszeitungen, in Stadionheften usw. ver\u00f6ffentlicht und k\u00f6nnen an Presse und Medien weitergegeben werden, sofern die Informationspflicht es verlangt. Hierzu z\u00e4hlen insbesondere die Daten, die aus allgemein zug\u00e4nglichen Quellen stammen, z.B. Teilnehmer an sportlichen Veranstaltungen, Mannschaftsaufstellungen, Ergebnisse, Torsch\u00fctzen, Alter oder Geburtsjahrgang, einschl. Sportfotos.<\/li><li>Personenbezogene Daten (Name, Vorname, Vereinszugeh\u00f6rigkeit, Abteilung) werden zur Darstellung und Nennung im Zusammenhang mit Ehrenlisten, bei pers\u00f6nlichen sportlichen Auszeichnungen, bei gr\u00f6\u00dferen sportlichen Erfolgen usw. verwendet und k\u00f6nnen durch Fotos der betreffenden Mitglieder, Mitarbeiter und Mannschaften erg\u00e4nzt werden.<\/li><li>Von \u00f6ffentlichen sportlichen Veranstaltungen und von sportlichen Veranstaltungen der Abteilungen des Vereins im urspr\u00fcnglichen Sinne unserer Vereinsarbeit sowie von Zusammenk\u00fcnften und Versammlungen einzelner und mehrerer Mitglieder, Teilnehmer und Mitarbeiter vor, nach und au\u00dferhalb der sportlichen Veranstaltungen jeweils mit dem Bezug zum satzungsgem\u00e4\u00dfen Zweck des Vereins (Meisterschafts-\/Mannschaftsfotos, \u00dcbergabe von Auszeichnungen, gemeinsame Veranstaltungen der Abteilungen au\u00dferhalb des unmittelbaren Sportbetriebes usw.) k\u00f6nnen Fotos angefertigt werden, die zur \u00f6ffentlichen Darstellung genutzt werden k\u00f6nnen.<\/li><li>Die Ver\u00f6ffentlichung von Fotos und Videos, die au\u00dferhalb \u00f6ffentlicher Veranstaltungen des Vereins bzw. au\u00dferhalb von Zusammenk\u00fcnften und Versammlungen des Vereins gemacht wurden, erfolgt ausschlie\u00dflich auf Grundlage einer Einwilligung der abgebildeten Personen.<\/li><\/ol><p>\u00a75 Verwendung bei Herausgabe von Mitgliederdaten und Mitgliederlisten<\/p><ol><li>Listen von Mitgliedern oder Teilnehmern werden den jeweiligen Mitarbeitern im Verein insofern zur Verf\u00fcgung gestellt, wie es die jeweilige Aufgabenstellung erfordert. Beim Umfang der dabei verwendeten personenbezogenen Daten ist das Gebot der Datensparsamkeit zu beachten.<\/li><li>Macht ein Mitglied glaubhaft, dass es eine Mitgliederliste zur Wahrnehmung satzungsgem\u00e4\u00dfer oder gesetzlicher Rechte ben\u00f6tigt (z.B. um die Einberufung einer Mitgliederversammlung im Rahmen des Minderheitenbegehrens zu beantragen), stellt der Vorstand eine Kopie der Mitgliederliste mit Vornamen, Nachnamen und Anschrift als Ausdruck oder als Datei zur Verf\u00fcgung. Das Mitglied, welches das Minderheitenbegehren initiiert, hat vorher eine Versicherung abzugeben, dass diese Daten ausschlie\u00dflich f\u00fcr diesen Zweck verwendet und nach der Verwendung vernichtet werden.<\/li><\/ol><p>\u00a76 Speicherung von personenbezogenen Daten<\/p><ol><li>Personenbezogene Daten von Mitgliedern werden so lange gespeichert, bis die Mitgliedschaft bzw. die T\u00e4tigkeit eines Mitarbeiters beendet wird.<\/li><li>Personenbezogene Daten von Mitgliedern und Mitarbeitern k\u00f6nnen \u00fcber den Zeitpunkt der Beendigung der Mitgliedschaft bzw. der Beendigung der T\u00e4tigkeit weiterhin gespeichert bleiben, sofern gesetzliche Bestimmungen oder vertragliche Belange dieses erfordern.<\/li><li>Personenbezogene Daten von Mitgliedern, Mitarbeitern und Mannschaften, die in die Vereinshistorie aufgenommen wurden, verbleiben dauerhaft im Bestand der Vereinschronik.<\/li><li>Personenbezogene Daten von Teilnehmern (sofern diese zu erheben sind; siehe oben zu Pandemieauflagen) werden auf Grundlage der zutreffenden gesetzlichen Vorgaben bis zum erstm\u00f6glichen L\u00f6schungstermin aufbewahrt.\u00a0<\/li><\/ol><p>\u00a77 Auskunftsverlangen zu und L\u00f6schung von personenbezogenen Daten<\/p><ol><li>Der gesch\u00e4ftsf\u00fchrende Vorstand ist f\u00fcr die Beantwortung von Auskunftsverlangen von betroffenen Personen zust\u00e4ndig\u00a0<a href=\"http:\/\/rendering\/10604\">datenschutz@vsg-altglienicke.de.<\/a><\/li><li>Die L\u00f6schung von personenbezogenen Daten, das Abpixeln bzw. L\u00f6schen von Fotos oder Fotoausschnitten sowie Antr\u00e4ge auf Einschr\u00e4nkung der Verwendung von personenbezogenen Daten k\u00f6nnen durch jedes Mitglied und jeden Mitarbeiter bzw. durch jedes ehemalige Mitglied und jeden ehemaligen Mitarbeiter des Vereins unter der nachfolgenden E-Mail-Adresse\u00a0<a href=\"http:\/\/rendering\/10604\">datenschutz@vsg-altglienicke.de<\/a>beim gesch\u00e4ftsf\u00fchrenden Vorstand beantragt werden.<\/li><\/ol><p>\u00a78 Datenverlust<\/p><ol><li>Alle T\u00e4tigkeiten im Zusammenhang mit personenbezogenen Daten sind so zu handhaben, dass ein Datenverlust oder ein Datendiebstahl auszuschlie\u00dfen ist. Der Sorgfaltspflicht beim Umgang mit personenbezogenen Daten ist jedes Mitglied und jeder Mitarbeiter verpflichtet.<\/li><li>Sollten M\u00e4ngel beim Datenschutz oder anzupassende Festlegungen in dieser Datenschutzordnung erkannt werden, ist jeder verpflichtet, diese umgehend an den gesch\u00e4ftsf\u00fchrenden Vorstand zu melden\u00a0<a href=\"http:\/\/rendering\/10604\">datenschutz@vsg-altglienicke.de<\/a>.<\/li><li>Bei eventuellem Datenverlust oder Datendiebstahl ist der gesch\u00e4ftsf\u00fchrende Vorstand innerhalb von 24 Stunden zu informieren\u00a0<a href=\"http:\/\/rendering\/10604\">datenschutz@vsg-altglienicke.de<\/a>.<\/li><li>Bei eventuellen Datenverlust oder Datendiebstahl hat der gesch\u00e4ftsf\u00fchrende Vorstand innerhalb der gesetzlich vorgeschriebenen Meldefrist den Sachverhalt an den Datenschutzbeauftragten des Landes Berlin unter Beachtung der notwendigen Meldeinformationen zu \u00fcbermitteln.<\/li><\/ol><p>\u00a79 Sonstiges<\/p><ol><li>\u00a0\u00a0Das Erheben, Verarbeiten, Verwenden und L\u00f6schen von personenbezogenen Daten im Zusammenhang mit der Meldung von Unf\u00e4llen oder Sch\u00e4den an Versicherungen basiert auf vorgegebenen Vordrucken des Versicherungsgebers und liegt damit nicht in der Verantwortung des Vereins.<\/li><\/ol><p><strong>Teil C- Internetpr\u00e4senz<\/strong><\/p><p><strong>\u00a7<\/strong>1 Grunds\u00e4tze zu den Inhalten der Internetpr\u00e4senz<\/p><ol><li>Die VSG Altglienicke e.V. betreibt eine Internetpr\u00e4senz unter www.vsg-altglienicke.de. Die Inhalte der Internetseiten dienen der Information \u00fcber den Sportbetrieb und zur Historie des Vereins.<\/li><li>Die Verantwortlichkeit f\u00fcr die Internetpr\u00e4senz liegt beim gesch\u00e4ftsf\u00fchrenden Vorstand. Anfragen und Infos \u00fcber E-Mail\u00a0<a href=\"http:\/\/rendering\/76382\">datenschutz@vsg-altglienicke.de<\/a>.<\/li><\/ol><p>\u00a72 Technisch organisatorischer Bereich<\/p><ol><li>Die Internetseite der VSG Altglienicke e.V. wird \u00fcber eine verschl\u00fcsselte Verbindung aufgerufen.<\/li><li>F\u00fcr die vollst\u00e4ndige Darstellung aller Seiteninhalte werden auf unseren Seiten notwendige technische Cookies gesetzt (essenzielle Cookies).\u00a0Dieses ist zwingend erforderlich. Eine Deaktivierung ist nur \u00fcber die Einstellung in ihrem Browser m\u00f6glich. Danach k\u00f6nnten die Seiteninhalte jedoch unvollst\u00e4ndig angezeigt werden.<\/li><li>Cookies f\u00fcr Marketing, Third Party oder Tracking Cookies werden auf den Internetseiten der VSG Altglienicke e.V. unsererseits nicht gesetzt.\u00a0Sofern auf Seiten eine Weiterleitung zu externen Diensten erfolgen kann (z.B. google-maps), wird durch Cookiebanner eine Auswahlm\u00f6glichkeit angeboten.<\/li><li>Auf die Einrichtung von Foren, G\u00e4steb\u00fcchern oder \u00e4hnlichen sowie auf das Anbieten von Neuigkeitsbl\u00e4ttern wurde verzichtet.<\/li><\/ol><p>\u00a73 Personenbezogene Daten auf den Internetseiten<\/p><ul><li>Auf den Internetseiten des Vereins werden die Daten der Ansprechpartner des Vorstands, der Abteilungen und ggf. weiterer Mitarbeiter mit Vornamen, Nachname, Funktion, und Vereins-E-Mail-Adresse ver\u00f6ffentlicht; ggf. auch Telefonnummer. Je Einzelfunktion kann der Umfang der genannten ver\u00f6ffentlichten Daten verschieden sein.<\/li><li>Personenbezogene Daten k\u00f6nnen auf den Internetseiten der VSG Altglienicke e.V. zweckgebunden gem\u00e4\u00df den Festlegungen des\u00a0<em>\u201eTeil B, \u00a74- Verwendung personenbezogener Daten im Rahmen der \u00d6ffentlichkeitsarbeit\u201c<\/em>ver\u00f6ffentlicht werden. Zur \u00d6ffentlichkeitsarbeit geh\u00f6rt auch die Erstellung und die Ver\u00f6ffentlichung der Vereinschronik, die \u00fcber die Internetseite des Vereins einzusehen ist.<\/li><\/ul><p>\u00a74 Kommunikation per E-Mail<\/p><ul><li>F\u00fcr die Kommunikation per E-Mail betreibt der Verein einen vereinseigenen E-Mail-Account, der im Rahmen der vereinsinternen Kommunikation vorzugsweise zu nutzen ist. Sofern Verantwortliche private E-Mail-Accounts verwenden, haben diese die Bestimmungen zum Datenschutz bei Daten\u00fcbermittlungen zu beachten.<\/li><li>Beim Versand von E-Mails an eine Vielzahl von Personen, die nicht in einem st\u00e4ndigen Kontakt per E-Mail untereinanderstehen und\/oder deren private E-Mail-Accounts verwendet werden, sind die E-Mail-Adressen als \u201ebcc\u201c zu versenden.<\/li><li>Auf einigen Seiten der Internetpr\u00e4senz k\u00f6nnen f\u00fcr Anfragen Kontaktformulare zur Verf\u00fcgung stehen. Die Daten aus diesen Kontaktformularen verbleiben zur Beantwortung bei der angeschriebenen Abteilung und werden nicht weitergegeben.<\/li><\/ul><p>\u00a75 Soziale Netzwerke und Messenger-Dienste<\/p><p>Der VSG Altglienicke e.V. ist in verschiedenen sozialen Medien mit einem eigenen Auftritt erreichbar. \u00dcber unsere angebotenen Kan\u00e4le m\u00f6chten wir\u00a0Informationen zu unserem Spielbetrieb geben.<\/p><p>Die Social Media Anbieter erheben Informationen \u00fcber die Aktivit\u00e4ten Ihrer Besucher und Nutzer. \u00dcber die erhobenen Daten informieren die Anbieter in eigenen Datenschutzerkl\u00e4rungen.<\/p><p>Bei der Nutzung unserer Social Media Kan\u00e4le verfolgt der Anbieter die jeweiligen Interaktionen mit unserem Social Media Auftritt und erstellt anonymisierte Statistiken zur Nutzung, Reichweite und Optimierung unserer Auftritte. Dadurch sind wir gemeinsam mit dem jeweiligen Social Media Anbieter f\u00fcr die Verarbeitung personenbezogener Daten verantwortlich.<\/p><p><strong>Teil D- Weitere Bestimmungen<\/strong><\/p><p>\u00a71 Verpflichtung auf die Vertraulichkeit<\/p><ul><li>Alle Mitarbeiterinnen und Mitarbeiter im Verein, die Umgang mit personenbezogenen Daten haben (z.B. Mitglieder des Vorstands, Abteilungsleitungen, Angestellte, \u00dcbungsleiterinnen und \u00dcbungsleiter), werden auf den vertraulichen Umgang mit personenbezogenen Daten verpflichtet.<\/li><li>Alle Mitarbeiterinnen und Mitarbeiter im Verein d\u00fcrfen nur im Rahmen ihrer jeweiligen Befugnisse Daten verarbeiten. Eine eigenm\u00e4chtige Datenerhebung, Datenverwendung oder Weitergabe ist untersagt.<\/li><\/ul><p>\u00a72 Regelungen zur Internetpr\u00e4senz<\/p><ul><li>Die Abteilungen haben f\u00fcr ihren Internetauftritt gegen\u00fcber dem Internetverantwortlichen einen Verantwortlichen benannt, der die Einhaltung der Bestimmungen der Datenschutzordnung best\u00e4tigt hat.<\/li><li>Der Internetverantwortliche des Vereins ist gegen\u00fcber den Abteilungen hinsichtlich der Inhalte auf den Internetseiten weisungsbefugt. Bei Verst\u00f6\u00dfen gegen datenschutzrechtliche Vorgaben und Missachtung von Weisungen des Internetverantwortlichen kann der gesch\u00e4ftsf\u00fchrende Vorstand die Genehmigung zum Betrieb einer betroffenen Seite bis zur Beseitigung der M\u00e4ngel zeitlich verwehren. Die Entscheidung des gesch\u00e4ftsf\u00fchrenden Vorstandes ist unanfechtbar.<\/li><\/ul><p>\u00a73 Verst\u00f6\u00dfe gegen datenschutzrechtliche Vorgaben und diese Datenschutzordnung<\/p><ul><li>Verst\u00f6\u00dfe gegen allgemeine datenschutzrechtliche Vorgaben und insbesondere gegen diese Datenschutzordnung k\u00f6nnen gem\u00e4\u00df den Sanktionsmitteln, wie sie in \u00a77 der Satzung der VSG Altglienicke e.V. vorgesehen sind, intern im Verein geahndet werden.<\/li><li>Verst\u00f6\u00dfe gegen allgemeine datenschutzrechtliche Vorgaben k\u00f6nnen durch den Gesetzgeber mit Freiheits- oder Geldstrafe geahndet werden (bei Arbeitnehmern ggf. mit arbeitsrechtlichen Konsequenzen).<\/li><\/ul><p>\u00a74 Inkrafttreten<\/p><ol><li>Diese Datenschutzordnung wurde durch die Vorstandssitzung erstmalig am 25.05.2018 im Rahmen der Vorstandssitzung beschlossen und auf der Homepage der VSG Altglienicke e.V. ver\u00f6ffentlicht.<\/li><li>Diese Datenschutzordnung unterliegt einer Laufendhaltung. Anfragen und Infos \u00fcber E-Mail <a href=\"mailto:datenschutz@vsg-altglienicke.de\">datenschutz@vsg-altglienicke.de<\/a><\/li><\/ol><p>Berlin Altglienicke, der 25.05.2018\/letzte \u00dcberarbeitung 09.01.2025<\/p><p>Der gesch\u00e4ftsf\u00fchrende Vorstand<\/p>\t\t\t\t\t\t<\/div>\n\t\t\t\t<\/div>\n\t\t\t\t<\/div>\n\t\t\t\t<\/div>\n\t\t\t\t<\/div>\n\t\t","protected":false},"excerpt":{"rendered":"<p>Datenschutzerkl\u00e4rung Datenschutzordnung der VSG Altglienicke e.V. Teil A- Allgemeines und Zust\u00e4ndigkeiten \u00a71 Gesetzlichkeiten Die Volkssport Gemeinschaft Altglienicke e.V. verarbeitet personenbezogene Daten z.B. im Rahmen der Vereinsverwaltung, der Organisation des Sportbetriebs, der \u00d6ffentlichkeitsarbeit und der Historie des Vereins. Um die Vorgaben der EU-Datenschutz-Grundverordnung (DSGVO) und des Bundesdatenschutzgesetzes zu erf\u00fcllen, Datenschutzverst\u00f6\u00dfe zu vermeiden und einen einheitlichen Umgang [&hellip;]<\/p>\n","protected":false},"author":4,"featured_media":0,"parent":0,"menu_order":0,"comment_status":"closed","ping_status":"closed","template":"","meta":{"_acf_changed":false,"footnotes":""},"class_list":["post-738","page","type-page","status-publish","hentry"],"acf":[],"publishpress_future_action":{"enabled":false,"date":"2026-04-22 19:53:17","action":"change-status","newStatus":"draft","terms":[],"taxonomy":"","extraData":[]},"publishpress_future_workflow_manual_trigger":{"enabledWorkflows":[]},"_links":{"self":[{"href":"https:\/\/www.vsg-altglienicke.de\/fussball\/wp-json\/wp\/v2\/pages\/738","targetHints":{"allow":["GET"]}}],"collection":[{"href":"https:\/\/www.vsg-altglienicke.de\/fussball\/wp-json\/wp\/v2\/pages"}],"about":[{"href":"https:\/\/www.vsg-altglienicke.de\/fussball\/wp-json\/wp\/v2\/types\/page"}],"author":[{"embeddable":true,"href":"https:\/\/www.vsg-altglienicke.de\/fussball\/wp-json\/wp\/v2\/users\/4"}],"replies":[{"embeddable":true,"href":"https:\/\/www.vsg-altglienicke.de\/fussball\/wp-json\/wp\/v2\/comments?post=738"}],"version-history":[{"count":22,"href":"https:\/\/www.vsg-altglienicke.de\/fussball\/wp-json\/wp\/v2\/pages\/738\/revisions"}],"predecessor-version":[{"id":17410,"href":"https:\/\/www.vsg-altglienicke.de\/fussball\/wp-json\/wp\/v2\/pages\/738\/revisions\/17410"}],"wp:attachment":[{"href":"https:\/\/www.vsg-altglienicke.de\/fussball\/wp-json\/wp\/v2\/media?parent=738"}],"curies":[{"name":"wp","href":"https:\/\/api.w.org\/{rel}","templated":true}]}}