{"id":736,"date":"2024-07-21T10:06:58","date_gmt":"2024-07-21T10:06:58","guid":{"rendered":"http:\/\/vsg01.local\/?page_id=736"},"modified":"2025-02-16T14:50:23","modified_gmt":"2025-02-16T13:50:23","slug":"impressum","status":"publish","type":"page","link":"https:\/\/www.vsg-altglienicke.de\/fussball\/impressum\/","title":{"rendered":"Impressum"},"content":{"rendered":"\t\t<div data-elementor-type=\"wp-page\" data-elementor-id=\"736\" class=\"elementor elementor-736\" data-elementor-post-type=\"page\">\n\t\t\t\t<div class=\"elementor-element elementor-element-6f84805 e-con-full e-flex e-con e-parent\" data-id=\"6f84805\" data-element_type=\"container\">\n\t\t\t\t<div class=\"elementor-element elementor-element-5a63330 elementor-widget elementor-widget-spacer\" data-id=\"5a63330\" data-element_type=\"widget\" data-widget_type=\"spacer.default\">\n\t\t\t\t<div class=\"elementor-widget-container\">\n\t\t\t\t\t<div class=\"elementor-spacer\">\n\t\t\t<div class=\"elementor-spacer-inner\"><\/div>\n\t\t<\/div>\n\t\t\t\t<\/div>\n\t\t\t\t<\/div>\n\t\t<div class=\"elementor-element elementor-element-4fea0ab e-con-full e-flex e-con e-child\" data-id=\"4fea0ab\" data-element_type=\"container\">\n\t\t\t\t<div class=\"elementor-element elementor-element-34d4027 elementor-widget elementor-widget-heading\" data-id=\"34d4027\" data-element_type=\"widget\" data-widget_type=\"heading.default\">\n\t\t\t\t<div class=\"elementor-widget-container\">\n\t\t\t<h2 class=\"elementor-heading-title elementor-size-default\">Impressum<\/h2>\t\t<\/div>\n\t\t\t\t<\/div>\n\t\t\t\t<div class=\"elementor-element elementor-element-8b843a5 elementor-widget elementor-widget-text-editor\" data-id=\"8b843a5\" data-element_type=\"widget\" data-widget_type=\"text-editor.default\">\n\t\t\t\t<div class=\"elementor-widget-container\">\n\t\t\t\t\t\t\t<p><strong>Anbieter:<\/strong><br \/><strong>Volkssport Gemeinschaft Altglienicke e.V.<\/strong><br \/>Abk\u00fcrzung: VSG Altglienicke e.V.\/im Sportbetrieb auch VSG Altglienicke<br \/>Alter Sch\u00f6nefelder Weg 20<br \/>12524 Berlin<br \/>Germany<br \/>Telefon: +49-30-670 684 56<\/p><hr \/><p><strong>E-Mail-Kontakte:<\/strong><br \/>Vorstand und Hauptkasse: \u00a0<a href=\"mailto:vorstand@vsg-altglienicke.de?subject=&amp;body=\">vorstand@vsg-altglienicke.de<\/a><br \/>Mitgliederangelegenheiten: \u00a0Abteilungsverantwortliche<br \/>Historie und Fan-\/Souvenirpost: \u00a0<a href=\"mailto:chronik@vsg-altglienicke.de?subject=&amp;body=\">chronik@vsg-altglienicke.de<\/a><br \/>Fu\u00dfball-Regionalliga: \u00a0<a href=\"mailto:regionalliga-fussball@vsg-altglienicke.de?subject=&amp;body=\">regionalliga-fussball@vsg-altglienicke.de<\/a><\/p><p>Abteilungsinterne Themen sind \u00fcber die E-Mail-Adressen der jeweiligen<br \/>Abteilung abzuwickeln <a href=\"https:\/\/www.vsg-altglienicke.de\/vorstand13\/kontakt.html\">(siehe Vorstand\/Kontakte)<\/a>.<\/p><hr \/><p>Kreditinstitut: VR-Bank Altenburger Land e.G.\/ Deutsche Skatbank<br \/>Registriernummer beim Amtsgericht: 11771 Nz<br \/>Registrierungsgericht: Amtsgericht Charlottenburg<br \/>Steuernummer: 27\/617\/55310<\/p><hr \/><p><strong>Gesch\u00e4ftsf\u00fchrender Vorstand nach \u00a7 26 BGB<\/strong><\/p><p><span style=\"color: var( --e-global-color-text ); font-family: var( --e-global-typography-text-font-family ), Sans-serif; font-weight: var( --e-global-typography-text-font-weight ); text-align: var(--text-align); font-size: 1rem;\">1.Vorsitzender: Rainer Lange, Anschrift siehe oben unter &#8222;Anbieter&#8220;,<\/span><\/p><p>2.Vorsitzender: Sebastian Ksinsik, Anschrift siehe oben unter &#8222;Anbieter&#8220;,<\/p><p>Kassenwart: Rino Moch, Anschrift siehe oben unter &#8222;Anbieter&#8220;,<\/p><p>Das Impressum gilt f\u00fcr: www.vsg-altglienicke.de<br \/>Seitenverantwortlicher einschl. Redaktion, Programmierung, Inhalte, seitens des Gesch\u00e4ftsf\u00fchrenden Vorstandes: Sebastian Ksinsik (siehe oben).<\/p><hr \/><p><strong>Nutzungsrechte:<\/strong><\/p><p>Die Urheberrechte dieser Web-Seite liegen bei der VSG Altglienicke e.V. Weitergehende Ver\u00f6ffentlichungen und Verwertungen durch Dritte k\u00f6nnen bei der VSG Altglienicke e.V. angefragt und durch die VSG Altglienicke e.V. genehmigt werden. Dokumente\/Texte\/Fotos auf den Internetseiten der VSG Altglienicke e.V., f\u00fcr die die VSG Altglienicke e.V. selbst die Ver\u00f6ffentlichungsgenehmigung eingeholt hat, d\u00fcrfen nicht durch Dritte genutzt werden. Bei erteilten Nutzungsgenehmigungen d\u00fcrfen die Inhalte der Seiten nur im Sinne einer Heimatforschung und nicht kommerziell verwendet werden.<\/p><p><strong>\u00a0<\/strong><\/p><p><strong>Haftungshinweis Verlinkung<\/strong><br \/>Links zu externen Seiten werden auf den Seiten der VSG Altglienicke e.V. nur soweit gesetzt, wie dieses von Dachverb\u00e4nden oder \u00fcbergeordneten Institutionen gefordert wird bzw. mit Dritten vereinbart ist. Sofern \u00fcber derartige Links auf weitere Seiten Dritter verwiesen wird, haben wir auf diesen Sachverhalt keinen Einfluss. F\u00fcr den Inhalt dieser Verlinkungen k\u00f6nnen wir keine Gew\u00e4hr und keine Haftung \u00fcbernehmen. Bei gesetzten Verlinkungen auf den Seiten der VSG Altglienicke e.V. waren zum Zeitpunkt der Verlinkung keine Rechtsverst\u00f6\u00dfe bzw. rechtswidrige Inhalte erkennbar. Eine dauerhafte Pr\u00fcfung verlinkter Seiten ist durch die VSG Altglienicke e.V. nicht m\u00f6glich. Sofern uns Verst\u00f6\u00dfe bei verlinkten Seiten bekannt werden, werden wir die betreffenden Links entfernen.<br \/><strong>Haftungshinweis Inhalte<\/strong><\/p><p>Die Internetseiten der VSG Altglienicke e.V. dienen der allgemeinen Information zum aktuellen Sportbetrieb bzw. zur Vereinshistorie. Es ist nicht ausgeschlossen, dass ggf. Fehler auftreten bzw. Informationen nicht vollst\u00e4ndig sind. Die VSG Altglienicke e.V. \u00fcbernimmt keine Haftung f\u00fcr materielle oder ideelle Sch\u00e4den, die auf Grund von Fehlern oder Unvollst\u00e4ndigkeiten auf ihren Internetseiten entstanden sind.<\/p>\t\t\t\t\t\t<\/div>\n\t\t\t\t<\/div>\n\t\t\t\t<\/div>\n\t\t\t\t<\/div>\n\t\t\t\t<\/div>\n\t\t","protected":false},"excerpt":{"rendered":"<p>Impressum Anbieter:Volkssport Gemeinschaft Altglienicke e.V.Abk\u00fcrzung: VSG Altglienicke e.V.\/im Sportbetrieb auch VSG AltglienickeAlter Sch\u00f6nefelder Weg 2012524 BerlinGermanyTelefon: +49-30-670 684 56 E-Mail-Kontakte:Vorstand und Hauptkasse: \u00a0vorstand@vsg-altglienicke.deMitgliederangelegenheiten: \u00a0AbteilungsverantwortlicheHistorie und Fan-\/Souvenirpost: \u00a0chronik@vsg-altglienicke.deFu\u00dfball-Regionalliga: \u00a0regionalliga-fussball@vsg-altglienicke.de Abteilungsinterne Themen sind \u00fcber die E-Mail-Adressen der jeweiligenAbteilung abzuwickeln (siehe Vorstand\/Kontakte). Kreditinstitut: VR-Bank Altenburger Land e.G.\/ Deutsche SkatbankRegistriernummer beim Amtsgericht: 11771 NzRegistrierungsgericht: Amtsgericht CharlottenburgSteuernummer: 27\/617\/55310 Gesch\u00e4ftsf\u00fchrender Vorstand [&hellip;]<\/p>\n","protected":false},"author":4,"featured_media":0,"parent":0,"menu_order":0,"comment_status":"closed","ping_status":"closed","template":"","meta":{"_acf_changed":false,"footnotes":""},"class_list":["post-736","page","type-page","status-publish","hentry"],"acf":[],"publishpress_future_action":{"enabled":false,"date":"2026-05-08 14:08:02","action":"change-status","newStatus":"draft","terms":[],"taxonomy":"","extraData":[]},"publishpress_future_workflow_manual_trigger":{"enabledWorkflows":[]},"_links":{"self":[{"href":"https:\/\/www.vsg-altglienicke.de\/fussball\/wp-json\/wp\/v2\/pages\/736","targetHints":{"allow":["GET"]}}],"collection":[{"href":"https:\/\/www.vsg-altglienicke.de\/fussball\/wp-json\/wp\/v2\/pages"}],"about":[{"href":"https:\/\/www.vsg-altglienicke.de\/fussball\/wp-json\/wp\/v2\/types\/page"}],"author":[{"embeddable":true,"href":"https:\/\/www.vsg-altglienicke.de\/fussball\/wp-json\/wp\/v2\/users\/4"}],"replies":[{"embeddable":true,"href":"https:\/\/www.vsg-altglienicke.de\/fussball\/wp-json\/wp\/v2\/comments?post=736"}],"version-history":[{"count":22,"href":"https:\/\/www.vsg-altglienicke.de\/fussball\/wp-json\/wp\/v2\/pages\/736\/revisions"}],"predecessor-version":[{"id":17403,"href":"https:\/\/www.vsg-altglienicke.de\/fussball\/wp-json\/wp\/v2\/pages\/736\/revisions\/17403"}],"wp:attachment":[{"href":"https:\/\/www.vsg-altglienicke.de\/fussball\/wp-json\/wp\/v2\/media?parent=736"}],"curies":[{"name":"wp","href":"https:\/\/api.w.org\/{rel}","templated":true}]}}