{"id":635,"date":"2024-07-20T21:38:58","date_gmt":"2024-07-20T21:38:58","guid":{"rendered":"http:\/\/vsg01.local\/?page_id=635"},"modified":"2024-09-30T20:50:58","modified_gmt":"2024-09-30T20:50:58","slug":"partner","status":"publish","type":"page","link":"https:\/\/www.vsg-altglienicke.de\/fussball\/partner\/","title":{"rendered":"Partner"},"content":{"rendered":"\t\t<div data-elementor-type=\"wp-page\" data-elementor-id=\"635\" class=\"elementor elementor-635\" data-elementor-post-type=\"page\">\n\t\t\t\t<div class=\"elementor-element elementor-element-3336cafb e-con-full e-flex e-con e-parent\" data-id=\"3336cafb\" data-element_type=\"container\">\n\t\t<div class=\"elementor-element elementor-element-56633685 e-con-full e-flex e-con e-child\" data-id=\"56633685\" data-element_type=\"container\">\n\t\t\t\t<div class=\"elementor-element elementor-element-2a6339bd elementor-widget elementor-widget-heading\" data-id=\"2a6339bd\" data-element_type=\"widget\" data-widget_type=\"heading.default\">\n\t\t\t\t<div class=\"elementor-widget-container\">\n\t\t\t<h1 class=\"elementor-heading-title elementor-size-default\">Partner<\/h1>\t\t<\/div>\n\t\t\t\t<\/div>\n\t\t\t\t<div class=\"elementor-element elementor-element-e510c45 elementor-widget elementor-widget-spacer\" data-id=\"e510c45\" data-element_type=\"widget\" data-widget_type=\"spacer.default\">\n\t\t\t\t<div class=\"elementor-widget-container\">\n\t\t\t\t\t<div class=\"elementor-spacer\">\n\t\t\t<div class=\"elementor-spacer-inner\"><\/div>\n\t\t<\/div>\n\t\t\t\t<\/div>\n\t\t\t\t<\/div>\n\t\t\t\t<\/div>\n\t\t\t\t<\/div>\n\t\t<div class=\"elementor-element elementor-element-912ef54 e-con-full e-flex e-con e-parent\" data-id=\"912ef54\" data-element_type=\"container\">\n\t\t\t\t<div class=\"elementor-element elementor-element-e155851 elementor-widget elementor-widget-spacer\" data-id=\"e155851\" data-element_type=\"widget\" data-widget_type=\"spacer.default\">\n\t\t\t\t<div class=\"elementor-widget-container\">\n\t\t\t\t\t<div class=\"elementor-spacer\">\n\t\t\t<div class=\"elementor-spacer-inner\"><\/div>\n\t\t<\/div>\n\t\t\t\t<\/div>\n\t\t\t\t<\/div>\n\t\t\t\t<div class=\"elementor-element elementor-element-cf02159 elementor-widget elementor-widget-heading\" data-id=\"cf02159\" data-element_type=\"widget\" data-widget_type=\"heading.default\">\n\t\t\t\t<div class=\"elementor-widget-container\">\n\t\t\t<h2 class=\"elementor-heading-title elementor-size-default\">HAUPTSPONSOREN<\/h2>\t\t<\/div>\n\t\t\t\t<\/div>\n\t\t\t\t<\/div>\n\t\t<div class=\"elementor-element elementor-element-9770bcb e-con-full e-flex e-con e-parent\" data-id=\"9770bcb\" data-element_type=\"container\">\n\t\t\t\t<div class=\"elementor-element elementor-element-1d9c3b2 elementor-widget elementor-widget-spacer\" data-id=\"1d9c3b2\" data-element_type=\"widget\" data-widget_type=\"spacer.default\">\n\t\t\t\t<div class=\"elementor-widget-container\">\n\t\t\t\t\t<div class=\"elementor-spacer\">\n\t\t\t<div class=\"elementor-spacer-inner\"><\/div>\n\t\t<\/div>\n\t\t\t\t<\/div>\n\t\t\t\t<\/div>\n\t\t<div class=\"elementor-element elementor-element-2a17fc1 e-con-full e-flex e-con e-child\" data-id=\"2a17fc1\" data-element_type=\"container\">\n\t\t<div class=\"elementor-element elementor-element-51d8fb4 e-con-full e-flex e-con e-child\" data-id=\"51d8fb4\" data-element_type=\"container\">\n\t\t\t\t<div class=\"elementor-element elementor-element-3529695 elementor-widget elementor-widget-heading\" data-id=\"3529695\" data-element_type=\"widget\" data-widget_type=\"heading.default\">\n\t\t\t\t<div class=\"elementor-widget-container\">\n\t\t\t<h3 class=\"elementor-heading-title elementor-size-default\">Atelierhof Weissensee<\/h3>\t\t<\/div>\n\t\t\t\t<\/div>\n\t\t\t\t<div class=\"elementor-element elementor-element-cf54f50 elementor-widget elementor-widget-text-editor\" data-id=\"cf54f50\" data-element_type=\"widget\" data-widget_type=\"text-editor.default\">\n\t\t\t\t<div class=\"elementor-widget-container\">\n\t\t\t\t\t\t\t<p>Der Gewerbestandort geh\u00f6rt zum <strong>Bezirk Pankow <\/strong>(Ortsteil Wei\u00dfensee) und ist mit seinem Geb\u00e4ude\u00adensemble auf einer Gesamtgrund\u00adst\u00fccks\u00adfl\u00e4che von ca. 17.580 m<sup>2<\/sup> Teil des Gewerbe\u00adgebietes &#8222;Berliner Allee&#8220;. Die <strong>Atelierhof Weissensee Kunst-Medien-Handwerk GmbH<\/strong> ist seit dem Jahr 2007 Vor\u00adhaben\u00adtr\u00e4ger. Ihr Ziel ist die Re\u00advitali\u00adsierung dieses besonderen Gewerbe\u00adstand\u00adortes im Norden Berlins.<\/p>\t\t\t\t\t\t<\/div>\n\t\t\t\t<\/div>\n\t\t\t\t<div class=\"elementor-element elementor-element-71d2290 elementor-widget elementor-widget-button\" data-id=\"71d2290\" data-element_type=\"widget\" data-widget_type=\"button.default\">\n\t\t\t\t<div class=\"elementor-widget-container\">\n\t\t\t\t\t\t\t<div class=\"elementor-button-wrapper\">\n\t\t\t\t\t<a class=\"elementor-button elementor-button-link elementor-size-sm\" href=\"https:\/\/www.ahws.eu\">\n\t\t\t\t\t\t<span class=\"elementor-button-content-wrapper\">\n\t\t\t\t\t\t\t\t\t<span class=\"elementor-button-text\">Mehr Erfahren<\/span>\n\t\t\t\t\t<\/span>\n\t\t\t\t\t<\/a>\n\t\t\t\t<\/div>\n\t\t\t\t\t\t<\/div>\n\t\t\t\t<\/div>\n\t\t\t\t<\/div>\n\t\t<div class=\"elementor-element elementor-element-17baa8e e-con-full elementor-hidden-mobile e-flex e-con e-child\" data-id=\"17baa8e\" data-element_type=\"container\">\n\t\t\t\t<div class=\"elementor-element elementor-element-3364c4e elementor-widget elementor-widget-image\" data-id=\"3364c4e\" data-element_type=\"widget\" data-widget_type=\"image.default\">\n\t\t\t\t<div class=\"elementor-widget-container\">\n\t\t\t\t\t\t\t\t\t\t\t\t\t<img loading=\"lazy\" decoding=\"async\" width=\"372\" height=\"100\" src=\"https:\/\/www.vsg-altglienicke.de\/fussball\/wp-content\/uploads\/2024\/07\/Atelierhof.jpg\" class=\"attachment-large size-large wp-image-898\" alt=\"\" srcset=\"https:\/\/www.vsg-altglienicke.de\/fussball\/wp-content\/uploads\/2024\/07\/Atelierhof.jpg 372w, https:\/\/www.vsg-altglienicke.de\/fussball\/wp-content\/uploads\/2024\/07\/Atelierhof-300x81.jpg 300w, https:\/\/www.vsg-altglienicke.de\/fussball\/wp-content\/uploads\/2024\/07\/Atelierhof-200x54.jpg 200w\" sizes=\"auto, (max-width: 372px) 100vw, 372px\" \/>\t\t\t\t\t\t\t\t\t\t\t\t\t<\/div>\n\t\t\t\t<\/div>\n\t\t\t\t<\/div>\n\t\t\t\t<\/div>\n\t\t\t\t<\/div>\n\t\t<div class=\"elementor-element elementor-element-d24d713 e-con-full e-flex e-con e-parent\" data-id=\"d24d713\" data-element_type=\"container\">\n\t\t\t\t<div class=\"elementor-element elementor-element-5cecc37 elementor-widget elementor-widget-spacer\" data-id=\"5cecc37\" data-element_type=\"widget\" data-widget_type=\"spacer.default\">\n\t\t\t\t<div class=\"elementor-widget-container\">\n\t\t\t\t\t<div class=\"elementor-spacer\">\n\t\t\t<div class=\"elementor-spacer-inner\"><\/div>\n\t\t<\/div>\n\t\t\t\t<\/div>\n\t\t\t\t<\/div>\n\t\t<div class=\"elementor-element elementor-element-38fcb0e e-con-full e-flex e-con e-child\" data-id=\"38fcb0e\" data-element_type=\"container\">\n\t\t<div class=\"elementor-element elementor-element-9d9a837 e-con-full e-flex e-con e-child\" data-id=\"9d9a837\" data-element_type=\"container\">\n\t\t\t\t<div class=\"elementor-element elementor-element-da6ffd7 elementor-widget elementor-widget-heading\" data-id=\"da6ffd7\" data-element_type=\"widget\" data-widget_type=\"heading.default\">\n\t\t\t\t<div class=\"elementor-widget-container\">\n\t\t\t<h3 class=\"elementor-heading-title elementor-size-default\">Structure Bautr\u00e4gergesellschaft<\/h3>\t\t<\/div>\n\t\t\t\t<\/div>\n\t\t\t\t<div class=\"elementor-element elementor-element-7e0d660 elementor-widget elementor-widget-text-editor\" data-id=\"7e0d660\" data-element_type=\"widget\" data-widget_type=\"text-editor.default\">\n\t\t\t\t<div class=\"elementor-widget-container\">\n\t\t\t\t\t\t\t<p>Mit einem eingespieltem Team von Architekten, Fachplanern und Nachunternehmen setzt die <strong>Structure Bautr\u00e4gergesellschaft mbH<\/strong> als Bautr\u00e4ger <strong>ausgefallene Einzelobjekte und attraktive Neubaukomplexe<\/strong> in bester Lage um.<\/p>\t\t\t\t\t\t<\/div>\n\t\t\t\t<\/div>\n\t\t\t\t<div class=\"elementor-element elementor-element-7b3202d elementor-widget elementor-widget-button\" data-id=\"7b3202d\" data-element_type=\"widget\" data-widget_type=\"button.default\">\n\t\t\t\t<div class=\"elementor-widget-container\">\n\t\t\t\t\t\t\t<div class=\"elementor-button-wrapper\">\n\t\t\t\t\t<a class=\"elementor-button elementor-button-link elementor-size-sm\" href=\"https:\/\/www.structure-bau.de\">\n\t\t\t\t\t\t<span class=\"elementor-button-content-wrapper\">\n\t\t\t\t\t\t\t\t\t<span class=\"elementor-button-text\">Mehr Erfahren<\/span>\n\t\t\t\t\t<\/span>\n\t\t\t\t\t<\/a>\n\t\t\t\t<\/div>\n\t\t\t\t\t\t<\/div>\n\t\t\t\t<\/div>\n\t\t\t\t<\/div>\n\t\t<div class=\"elementor-element elementor-element-8d270ee e-con-full elementor-hidden-mobile e-flex e-con e-child\" data-id=\"8d270ee\" data-element_type=\"container\">\n\t\t\t\t<div class=\"elementor-element elementor-element-7e3f87e elementor-widget elementor-widget-image\" data-id=\"7e3f87e\" data-element_type=\"widget\" data-widget_type=\"image.default\">\n\t\t\t\t<div class=\"elementor-widget-container\">\n\t\t\t\t\t\t\t\t\t\t\t\t\t<img decoding=\"async\" src=\"https:\/\/www.vsg-altglienicke.de\/fussball_onepager\/wp-content\/uploads\/2024\/08\/structure_Logo_Banner.pdf\" title=\"\" alt=\"\" loading=\"lazy\" \/>\t\t\t\t\t\t\t\t\t\t\t\t\t<\/div>\n\t\t\t\t<\/div>\n\t\t\t\t<\/div>\n\t\t\t\t<\/div>\n\t\t\t\t<\/div>\n\t\t<div class=\"elementor-element elementor-element-c0630f7 e-con-full e-flex e-con e-parent\" data-id=\"c0630f7\" data-element_type=\"container\">\n\t\t\t\t<div class=\"elementor-element elementor-element-68e44c7 elementor-widget elementor-widget-spacer\" data-id=\"68e44c7\" data-element_type=\"widget\" data-widget_type=\"spacer.default\">\n\t\t\t\t<div class=\"elementor-widget-container\">\n\t\t\t\t\t<div class=\"elementor-spacer\">\n\t\t\t<div class=\"elementor-spacer-inner\"><\/div>\n\t\t<\/div>\n\t\t\t\t<\/div>\n\t\t\t\t<\/div>\n\t\t<div class=\"elementor-element elementor-element-84ff77d e-con-full e-flex e-con e-child\" data-id=\"84ff77d\" data-element_type=\"container\">\n\t\t<div class=\"elementor-element elementor-element-59803d4 e-con-full e-flex e-con e-child\" data-id=\"59803d4\" data-element_type=\"container\">\n\t\t\t\t<div class=\"elementor-element elementor-element-afb07c9 elementor-widget elementor-widget-heading\" data-id=\"afb07c9\" data-element_type=\"widget\" data-widget_type=\"heading.default\">\n\t\t\t\t<div class=\"elementor-widget-container\">\n\t\t\t<h3 class=\"elementor-heading-title elementor-size-default\">ESP e Tronic<\/h3>\t\t<\/div>\n\t\t\t\t<\/div>\n\t\t\t\t<div class=\"elementor-element elementor-element-b8a50ef elementor-widget elementor-widget-text-editor\" data-id=\"b8a50ef\" data-element_type=\"widget\" data-widget_type=\"text-editor.default\">\n\t\t\t\t<div class=\"elementor-widget-container\">\n\t\t\t\t\t\t\t<p><strong>Der starke Partner f\u00fcr innovative Technologie im Bereich Glasfaser und Netzmarketing.<\/strong> Die <strong>ESP e Tronic GmbH<\/strong> ist Ihr leistungsstarker und verl\u00e4sslicher Partner: In der Planung, Bau\u00fcberwachung und Bauleitung im Bereich Kupfer- und Glasfaserausbau und im Bereich Netzmarketing.<\/p>\t\t\t\t\t\t<\/div>\n\t\t\t\t<\/div>\n\t\t\t\t<div class=\"elementor-element elementor-element-cd3ec77 elementor-widget elementor-widget-button\" data-id=\"cd3ec77\" data-element_type=\"widget\" data-widget_type=\"button.default\">\n\t\t\t\t<div class=\"elementor-widget-container\">\n\t\t\t\t\t\t\t<div class=\"elementor-button-wrapper\">\n\t\t\t\t\t<a class=\"elementor-button elementor-button-link elementor-size-sm\" href=\"https:\/\/esp-etronic.com\">\n\t\t\t\t\t\t<span class=\"elementor-button-content-wrapper\">\n\t\t\t\t\t\t\t\t\t<span class=\"elementor-button-text\">Mehr Erfahren<\/span>\n\t\t\t\t\t<\/span>\n\t\t\t\t\t<\/a>\n\t\t\t\t<\/div>\n\t\t\t\t\t\t<\/div>\n\t\t\t\t<\/div>\n\t\t\t\t<\/div>\n\t\t<div class=\"elementor-element elementor-element-83e300a e-con-full elementor-hidden-mobile e-flex e-con e-child\" data-id=\"83e300a\" data-element_type=\"container\">\n\t\t\t\t<div class=\"elementor-element elementor-element-4ef785a elementor-widget elementor-widget-image\" data-id=\"4ef785a\" data-element_type=\"widget\" data-widget_type=\"image.default\">\n\t\t\t\t<div class=\"elementor-widget-container\">\n\t\t\t\t\t\t\t\t\t\t\t\t\t<img decoding=\"async\" src=\"https:\/\/www.vsg-altglienicke.de\/fussball_onepager\/wp-content\/uploads\/2024\/08\/esp-E-TRONIC_banner.pdf\" title=\"\" alt=\"\" loading=\"lazy\" \/>\t\t\t\t\t\t\t\t\t\t\t\t\t<\/div>\n\t\t\t\t<\/div>\n\t\t\t\t<\/div>\n\t\t\t\t<\/div>\n\t\t\t\t<\/div>\n\t\t<div class=\"elementor-element elementor-element-c312e6a e-con-full e-flex e-con e-parent\" data-id=\"c312e6a\" data-element_type=\"container\">\n\t\t\t\t<div class=\"elementor-element elementor-element-1f2e9f8 elementor-widget elementor-widget-spacer\" data-id=\"1f2e9f8\" data-element_type=\"widget\" data-widget_type=\"spacer.default\">\n\t\t\t\t<div class=\"elementor-widget-container\">\n\t\t\t\t\t<div class=\"elementor-spacer\">\n\t\t\t<div class=\"elementor-spacer-inner\"><\/div>\n\t\t<\/div>\n\t\t\t\t<\/div>\n\t\t\t\t<\/div>\n\t\t<div class=\"elementor-element elementor-element-ca55adb e-con-full e-flex e-con e-child\" data-id=\"ca55adb\" data-element_type=\"container\">\n\t\t<div class=\"elementor-element elementor-element-b29acb7 e-con-full e-flex e-con e-child\" data-id=\"b29acb7\" data-element_type=\"container\">\n\t\t\t\t<div class=\"elementor-element elementor-element-f530600 elementor-widget elementor-widget-heading\" data-id=\"f530600\" data-element_type=\"widget\" data-widget_type=\"heading.default\">\n\t\t\t\t<div class=\"elementor-widget-container\">\n\t\t\t<h3 class=\"elementor-heading-title elementor-size-default\">Elektroinstallationen Ing. H. Kufeld<\/h3>\t\t<\/div>\n\t\t\t\t<\/div>\n\t\t\t\t<div class=\"elementor-element elementor-element-7aa5418 elementor-widget elementor-widget-text-editor\" data-id=\"7aa5418\" data-element_type=\"widget\" data-widget_type=\"text-editor.default\">\n\t\t\t\t<div class=\"elementor-widget-container\">\n\t\t\t\t\t\t\t<p><strong>Seit 1977<\/strong> steht <strong>Elektroinstallationen Ing. H. Kufeld<\/strong> f\u00fcr Qualit\u00e4t, Zuverl\u00e4ssigkeit und Sicherheit. Die stetige Weiterentwicklung des Unternehmens hat uns zu einem fachkundigen Dienstleister mit einem breiten Leistungsspektrum gemacht.<\/p>\t\t\t\t\t\t<\/div>\n\t\t\t\t<\/div>\n\t\t\t\t<div class=\"elementor-element elementor-element-c9dbd4f elementor-widget elementor-widget-button\" data-id=\"c9dbd4f\" data-element_type=\"widget\" data-widget_type=\"button.default\">\n\t\t\t\t<div class=\"elementor-widget-container\">\n\t\t\t\t\t\t\t<div class=\"elementor-button-wrapper\">\n\t\t\t\t\t<a class=\"elementor-button elementor-button-link elementor-size-sm\" href=\"https:\/\/www.elektro-kufeld.de\">\n\t\t\t\t\t\t<span class=\"elementor-button-content-wrapper\">\n\t\t\t\t\t\t\t\t\t<span class=\"elementor-button-text\">Mehr Erfahren<\/span>\n\t\t\t\t\t<\/span>\n\t\t\t\t\t<\/a>\n\t\t\t\t<\/div>\n\t\t\t\t\t\t<\/div>\n\t\t\t\t<\/div>\n\t\t\t\t<\/div>\n\t\t<div class=\"elementor-element elementor-element-922dcd4 e-con-full elementor-hidden-mobile e-flex e-con e-child\" data-id=\"922dcd4\" data-element_type=\"container\">\n\t\t\t\t<div class=\"elementor-element elementor-element-9d20b3a elementor-widget elementor-widget-image\" data-id=\"9d20b3a\" data-element_type=\"widget\" data-widget_type=\"image.default\">\n\t\t\t\t<div class=\"elementor-widget-container\">\n\t\t\t\t\t\t\t\t\t\t\t\t\t<img decoding=\"async\" src=\"https:\/\/www.vsg-altglienicke.de\/fussball_onepager\/wp-content\/uploads\/2024\/08\/Elektro_Kufeld_Redesign_Final_NurBreit.pdf\" title=\"\" alt=\"\" loading=\"lazy\" \/>\t\t\t\t\t\t\t\t\t\t\t\t\t<\/div>\n\t\t\t\t<\/div>\n\t\t\t\t<\/div>\n\t\t\t\t<\/div>\n\t\t\t\t<\/div>\n\t\t<div class=\"elementor-element elementor-element-db71ccd e-con-full e-flex e-con e-parent\" data-id=\"db71ccd\" data-element_type=\"container\">\n\t\t\t\t<div class=\"elementor-element elementor-element-c3d0577 elementor-widget elementor-widget-spacer\" data-id=\"c3d0577\" data-element_type=\"widget\" data-widget_type=\"spacer.default\">\n\t\t\t\t<div class=\"elementor-widget-container\">\n\t\t\t\t\t<div class=\"elementor-spacer\">\n\t\t\t<div class=\"elementor-spacer-inner\"><\/div>\n\t\t<\/div>\n\t\t\t\t<\/div>\n\t\t\t\t<\/div>\n\t\t<div class=\"elementor-element elementor-element-aca00ec e-con-full e-flex e-con e-child\" data-id=\"aca00ec\" data-element_type=\"container\">\n\t\t<div class=\"elementor-element elementor-element-51180b7 e-con-full e-flex e-con e-child\" data-id=\"51180b7\" data-element_type=\"container\">\n\t\t\t\t<div class=\"elementor-element elementor-element-03e9867 elementor-widget elementor-widget-heading\" data-id=\"03e9867\" data-element_type=\"widget\" data-widget_type=\"heading.default\">\n\t\t\t\t<div class=\"elementor-widget-container\">\n\t\t\t<h3 class=\"elementor-heading-title elementor-size-default\">Sonnenschutz<\/h3>\t\t<\/div>\n\t\t\t\t<\/div>\n\t\t\t\t<div class=\"elementor-element elementor-element-f1bc614 elementor-widget elementor-widget-text-editor\" data-id=\"f1bc614\" data-element_type=\"widget\" data-widget_type=\"text-editor.default\">\n\t\t\t\t<div class=\"elementor-widget-container\">\n\t\t\t\t\t\t\t<p>Bereits seit 1991 ist die <strong>Sonnenschutz.de-B1 AG<\/strong> einer der <strong>f\u00fchrenden Anbieter f\u00fcr Sonnenschutz in Berlin und Brandenburg<\/strong>. Sie bieten die komplette Palette an Leistungen und Produkten rund um den Sonnenschutz im Innen- und Au\u00dfenbereich f\u00fcr Privat- und Gewerbekunden.<\/p>\t\t\t\t\t\t<\/div>\n\t\t\t\t<\/div>\n\t\t\t\t<div class=\"elementor-element elementor-element-ad99d12 elementor-widget elementor-widget-button\" data-id=\"ad99d12\" data-element_type=\"widget\" data-widget_type=\"button.default\">\n\t\t\t\t<div class=\"elementor-widget-container\">\n\t\t\t\t\t\t\t<div class=\"elementor-button-wrapper\">\n\t\t\t\t\t<a class=\"elementor-button elementor-button-link elementor-size-sm\" href=\"https:\/\/sonnenschutz.de\">\n\t\t\t\t\t\t<span class=\"elementor-button-content-wrapper\">\n\t\t\t\t\t\t\t\t\t<span class=\"elementor-button-text\">Mehr Erfahren<\/span>\n\t\t\t\t\t<\/span>\n\t\t\t\t\t<\/a>\n\t\t\t\t<\/div>\n\t\t\t\t\t\t<\/div>\n\t\t\t\t<\/div>\n\t\t\t\t<\/div>\n\t\t<div class=\"elementor-element elementor-element-73dcc56 e-con-full elementor-hidden-mobile e-flex e-con e-child\" data-id=\"73dcc56\" data-element_type=\"container\">\n\t\t\t\t<div class=\"elementor-element elementor-element-1ef080a elementor-widget elementor-widget-image\" data-id=\"1ef080a\" data-element_type=\"widget\" data-widget_type=\"image.default\">\n\t\t\t\t<div class=\"elementor-widget-container\">\n\t\t\t\t\t\t\t\t\t\t\t\t\t<img loading=\"lazy\" decoding=\"async\" width=\"800\" height=\"172\" src=\"https:\/\/www.vsg-altglienicke.de\/fussball\/wp-content\/uploads\/2024\/09\/Button_Sonnenschutz-de-1024x220.png\" class=\"attachment-large size-large wp-image-3330\" alt=\"\" srcset=\"https:\/\/www.vsg-altglienicke.de\/fussball\/wp-content\/uploads\/2024\/09\/Button_Sonnenschutz-de-1024x220.png 1024w, https:\/\/www.vsg-altglienicke.de\/fussball\/wp-content\/uploads\/2024\/09\/Button_Sonnenschutz-de-300x64.png 300w, https:\/\/www.vsg-altglienicke.de\/fussball\/wp-content\/uploads\/2024\/09\/Button_Sonnenschutz-de-768x165.png 768w, https:\/\/www.vsg-altglienicke.de\/fussball\/wp-content\/uploads\/2024\/09\/Button_Sonnenschutz-de-1536x330.png 1536w, https:\/\/www.vsg-altglienicke.de\/fussball\/wp-content\/uploads\/2024\/09\/Button_Sonnenschutz-de-2048x440.png 2048w, https:\/\/www.vsg-altglienicke.de\/fussball\/wp-content\/uploads\/2024\/09\/Button_Sonnenschutz-de-200x43.png 200w\" sizes=\"auto, (max-width: 800px) 100vw, 800px\" \/>\t\t\t\t\t\t\t\t\t\t\t\t\t<\/div>\n\t\t\t\t<\/div>\n\t\t\t\t<\/div>\n\t\t\t\t<\/div>\n\t\t\t\t<\/div>\n\t\t\t\t<\/div>\n\t\t","protected":false},"excerpt":{"rendered":"<p>Partner HAUPTSPONSOREN Atelierhof Weissensee Der Gewerbestandort geh\u00f6rt zum Bezirk Pankow (Ortsteil Wei\u00dfensee) und ist mit seinem Geb\u00e4ude\u00adensemble auf einer Gesamtgrund\u00adst\u00fccks\u00adfl\u00e4che von ca. 17.580 m2 Teil des Gewerbe\u00adgebietes &#8222;Berliner Allee&#8220;. Die Atelierhof Weissensee Kunst-Medien-Handwerk GmbH ist seit dem Jahr 2007 Vor\u00adhaben\u00adtr\u00e4ger. Ihr Ziel ist die Re\u00advitali\u00adsierung dieses besonderen Gewerbe\u00adstand\u00adortes im Norden Berlins. Mehr Erfahren Structure Bautr\u00e4gergesellschaft [&hellip;]<\/p>\n","protected":false},"author":4,"featured_media":0,"parent":0,"menu_order":0,"comment_status":"closed","ping_status":"closed","template":"","meta":{"_acf_changed":false,"footnotes":""},"class_list":["post-635","page","type-page","status-publish","hentry"],"acf":[],"publishpress_future_action":{"enabled":false,"date":"2026-04-22 21:35:48","action":"change-status","newStatus":"draft","terms":[],"taxonomy":"","extraData":[]},"publishpress_future_workflow_manual_trigger":{"enabledWorkflows":[]},"_links":{"self":[{"href":"https:\/\/www.vsg-altglienicke.de\/fussball\/wp-json\/wp\/v2\/pages\/635","targetHints":{"allow":["GET"]}}],"collection":[{"href":"https:\/\/www.vsg-altglienicke.de\/fussball\/wp-json\/wp\/v2\/pages"}],"about":[{"href":"https:\/\/www.vsg-altglienicke.de\/fussball\/wp-json\/wp\/v2\/types\/page"}],"author":[{"embeddable":true,"href":"https:\/\/www.vsg-altglienicke.de\/fussball\/wp-json\/wp\/v2\/users\/4"}],"replies":[{"embeddable":true,"href":"https:\/\/www.vsg-altglienicke.de\/fussball\/wp-json\/wp\/v2\/comments?post=635"}],"version-history":[{"count":113,"href":"https:\/\/www.vsg-altglienicke.de\/fussball\/wp-json\/wp\/v2\/pages\/635\/revisions"}],"predecessor-version":[{"id":18261,"href":"https:\/\/www.vsg-altglienicke.de\/fussball\/wp-json\/wp\/v2\/pages\/635\/revisions\/18261"}],"wp:attachment":[{"href":"https:\/\/www.vsg-altglienicke.de\/fussball\/wp-json\/wp\/v2\/media?parent=635"}],"curies":[{"name":"wp","href":"https:\/\/api.w.org\/{rel}","templated":true}]}}