{"id":633,"date":"2024-07-20T21:38:48","date_gmt":"2024-07-20T21:38:48","guid":{"rendered":"http:\/\/vsg01.local\/?page_id=633"},"modified":"2024-09-26T17:43:16","modified_gmt":"2024-09-26T17:43:16","slug":"fans","status":"publish","type":"page","link":"https:\/\/www.vsg-altglienicke.de\/fussball\/fans\/","title":{"rendered":"Fans"},"content":{"rendered":"\t\t<div data-elementor-type=\"wp-page\" data-elementor-id=\"633\" class=\"elementor elementor-633\" data-elementor-post-type=\"page\">\n\t\t\t\t<div class=\"elementor-element elementor-element-65cf275d e-con-full e-flex e-con e-parent\" data-id=\"65cf275d\" data-element_type=\"container\">\n\t\t<div class=\"elementor-element elementor-element-348b169f e-con-full e-flex e-con e-child\" data-id=\"348b169f\" data-element_type=\"container\">\n\t\t\t\t<div class=\"elementor-element elementor-element-68170d2b elementor-widget elementor-widget-heading\" data-id=\"68170d2b\" data-element_type=\"widget\" data-widget_type=\"heading.default\">\n\t\t\t\t<div class=\"elementor-widget-container\">\n\t\t\t<h1 class=\"elementor-heading-title elementor-size-default\">Fans<\/h1>\t\t<\/div>\n\t\t\t\t<\/div>\n\t\t\t\t<div class=\"elementor-element elementor-element-f20049e elementor-widget elementor-widget-spacer\" data-id=\"f20049e\" data-element_type=\"widget\" data-widget_type=\"spacer.default\">\n\t\t\t\t<div class=\"elementor-widget-container\">\n\t\t\t\t\t<div class=\"elementor-spacer\">\n\t\t\t<div class=\"elementor-spacer-inner\"><\/div>\n\t\t<\/div>\n\t\t\t\t<\/div>\n\t\t\t\t<\/div>\n\t\t\t\t<\/div>\n\t\t\t\t<\/div>\n\t\t<div class=\"elementor-element elementor-element-12f4330 e-con-full e-flex e-con e-parent\" data-id=\"12f4330\" data-element_type=\"container\">\n\t\t\t\t<div class=\"elementor-element elementor-element-7816ca0 elementor-widget elementor-widget-spacer\" data-id=\"7816ca0\" data-element_type=\"widget\" data-widget_type=\"spacer.default\">\n\t\t\t\t<div class=\"elementor-widget-container\">\n\t\t\t\t\t<div class=\"elementor-spacer\">\n\t\t\t<div class=\"elementor-spacer-inner\"><\/div>\n\t\t<\/div>\n\t\t\t\t<\/div>\n\t\t\t\t<\/div>\n\t\t<div class=\"elementor-element elementor-element-0a96804 e-con-full e-flex e-con e-child\" data-id=\"0a96804\" data-element_type=\"container\">\n\t\t<div class=\"elementor-element elementor-element-be0bb01 e-con-full e-flex e-con e-child\" data-id=\"be0bb01\" data-element_type=\"container\">\n\t\t\t\t<div class=\"elementor-element elementor-element-89694e6 elementor-widget elementor-widget-heading\" data-id=\"89694e6\" data-element_type=\"widget\" data-widget_type=\"heading.default\">\n\t\t\t\t<div class=\"elementor-widget-container\">\n\t\t\t<h2 class=\"elementor-heading-title elementor-size-default\">VSG TV<\/h2>\t\t<\/div>\n\t\t\t\t<\/div>\n\t\t\t\t<div class=\"elementor-element elementor-element-9bd8d75 elementor-widget elementor-widget-text-editor\" data-id=\"9bd8d75\" data-element_type=\"widget\" data-widget_type=\"text-editor.default\">\n\t\t\t\t<div class=\"elementor-widget-container\">\n\t\t\t\t\t\t\t<p>Pressekonferenzen zu den Spieltagen und weitere interessante Videos produziert unser hauseigenes Team und ver\u00f6ffentlicht diese auf der Videoplattform YouTube. Neben Videos rund um den Spieltag sind auch unterhaltsame Formate mit unseren Spielern geplant, so k\u00f6nnt ihr unsere Mannschaft noch besser kennenlernen.<\/p>\t\t\t\t\t\t<\/div>\n\t\t\t\t<\/div>\n\t\t\t\t<div class=\"elementor-element elementor-element-6032fb9 elementor-widget elementor-widget-button\" data-id=\"6032fb9\" data-element_type=\"widget\" data-widget_type=\"button.default\">\n\t\t\t\t<div class=\"elementor-widget-container\">\n\t\t\t\t\t\t\t<div class=\"elementor-button-wrapper\">\n\t\t\t\t\t<a class=\"elementor-button elementor-button-link elementor-size-sm\" href=\"https:\/\/www.youtube.com\/@VSGAltglienickeBerlin\">\n\t\t\t\t\t\t<span class=\"elementor-button-content-wrapper\">\n\t\t\t\t\t\t\t\t\t<span class=\"elementor-button-text\">JETZT VSG TV SCHAUEN<\/span>\n\t\t\t\t\t<\/span>\n\t\t\t\t\t<\/a>\n\t\t\t\t<\/div>\n\t\t\t\t\t\t<\/div>\n\t\t\t\t<\/div>\n\t\t\t\t<\/div>\n\t\t<div class=\"elementor-element elementor-element-139f713 e-con-full elementor-hidden-mobile e-flex e-con e-child\" data-id=\"139f713\" data-element_type=\"container\">\n\t\t\t\t<div class=\"elementor-element elementor-element-547a92f elementor-widget elementor-widget-image\" data-id=\"547a92f\" data-element_type=\"widget\" data-widget_type=\"image.default\">\n\t\t\t\t<div class=\"elementor-widget-container\">\n\t\t\t\t\t\t\t\t\t\t\t\t\t<img loading=\"lazy\" decoding=\"async\" width=\"800\" height=\"450\" src=\"https:\/\/www.vsg-altglienicke.de\/fussball\/wp-content\/uploads\/2024\/08\/Pressekonfernez-Titelbild-I-FC-Viktroia-Berlin-1024x576.png\" class=\"attachment-large size-large wp-image-2884\" alt=\"\" srcset=\"https:\/\/www.vsg-altglienicke.de\/fussball\/wp-content\/uploads\/2024\/08\/Pressekonfernez-Titelbild-I-FC-Viktroia-Berlin-1024x576.png 1024w, https:\/\/www.vsg-altglienicke.de\/fussball\/wp-content\/uploads\/2024\/08\/Pressekonfernez-Titelbild-I-FC-Viktroia-Berlin-300x169.png 300w, https:\/\/www.vsg-altglienicke.de\/fussball\/wp-content\/uploads\/2024\/08\/Pressekonfernez-Titelbild-I-FC-Viktroia-Berlin-768x432.png 768w, https:\/\/www.vsg-altglienicke.de\/fussball\/wp-content\/uploads\/2024\/08\/Pressekonfernez-Titelbild-I-FC-Viktroia-Berlin-1536x864.png 1536w, https:\/\/www.vsg-altglienicke.de\/fussball\/wp-content\/uploads\/2024\/08\/Pressekonfernez-Titelbild-I-FC-Viktroia-Berlin-2048x1152.png 2048w, https:\/\/www.vsg-altglienicke.de\/fussball\/wp-content\/uploads\/2024\/08\/Pressekonfernez-Titelbild-I-FC-Viktroia-Berlin-200x113.png 200w\" sizes=\"auto, (max-width: 800px) 100vw, 800px\" \/>\t\t\t\t\t\t\t\t\t\t\t\t\t<\/div>\n\t\t\t\t<\/div>\n\t\t\t\t<\/div>\n\t\t\t\t<\/div>\n\t\t\t\t<\/div>\n\t\t<div class=\"elementor-element elementor-element-d959f60 e-con-full e-flex e-con e-parent\" data-id=\"d959f60\" data-element_type=\"container\">\n\t\t\t\t<div class=\"elementor-element elementor-element-bb97ec7 elementor-widget elementor-widget-spacer\" data-id=\"bb97ec7\" data-element_type=\"widget\" data-widget_type=\"spacer.default\">\n\t\t\t\t<div class=\"elementor-widget-container\">\n\t\t\t\t\t<div class=\"elementor-spacer\">\n\t\t\t<div class=\"elementor-spacer-inner\"><\/div>\n\t\t<\/div>\n\t\t\t\t<\/div>\n\t\t\t\t<\/div>\n\t\t<div class=\"elementor-element elementor-element-df70d6d e-con-full e-flex e-con e-child\" data-id=\"df70d6d\" data-element_type=\"container\">\n\t\t<div class=\"elementor-element elementor-element-b7ecc65 e-con-full elementor-hidden-mobile e-flex e-con e-child\" data-id=\"b7ecc65\" data-element_type=\"container\">\n\t\t\t\t<div class=\"elementor-element elementor-element-ba48e61 elementor-widget elementor-widget-image\" data-id=\"ba48e61\" data-element_type=\"widget\" data-widget_type=\"image.default\">\n\t\t\t\t<div class=\"elementor-widget-container\">\n\t\t\t\t\t\t\t\t\t\t\t\t\t<img loading=\"lazy\" decoding=\"async\" width=\"419\" height=\"595\" src=\"https:\/\/www.vsg-altglienicke.de\/fussball\/wp-content\/uploads\/2024\/08\/StadionEcho266_Greifswald.png\" class=\"attachment-large size-large wp-image-2908\" alt=\"\" srcset=\"https:\/\/www.vsg-altglienicke.de\/fussball\/wp-content\/uploads\/2024\/08\/StadionEcho266_Greifswald.png 419w, https:\/\/www.vsg-altglienicke.de\/fussball\/wp-content\/uploads\/2024\/08\/StadionEcho266_Greifswald-211x300.png 211w, https:\/\/www.vsg-altglienicke.de\/fussball\/wp-content\/uploads\/2024\/08\/StadionEcho266_Greifswald-200x284.png 200w\" sizes=\"auto, (max-width: 419px) 100vw, 419px\" \/>\t\t\t\t\t\t\t\t\t\t\t\t\t<\/div>\n\t\t\t\t<\/div>\n\t\t\t\t<\/div>\n\t\t<div class=\"elementor-element elementor-element-6bd0daa e-con-full e-flex e-con e-child\" data-id=\"6bd0daa\" data-element_type=\"container\">\n\t\t\t\t<div class=\"elementor-element elementor-element-7e68347 elementor-widget elementor-widget-heading\" data-id=\"7e68347\" data-element_type=\"widget\" data-widget_type=\"heading.default\">\n\t\t\t\t<div class=\"elementor-widget-container\">\n\t\t\t<h2 class=\"elementor-heading-title elementor-size-default\">STADION ECHO<\/h2>\t\t<\/div>\n\t\t\t\t<\/div>\n\t\t\t\t<div class=\"elementor-element elementor-element-374affe elementor-widget elementor-widget-text-editor\" data-id=\"374affe\" data-element_type=\"widget\" data-widget_type=\"text-editor.default\">\n\t\t\t\t<div class=\"elementor-widget-container\">\n\t\t\t\t\t\t\t<p>Das Stadion Echo ist das Stadionmagazin der VSG Altglienicke und bietet euch\u00a0 die perfekte Vorbereitung auf den Spieltag. Egal ob Interviews, Gegnervorschau oder Spielerportraits. Im Stadion Echo ist f\u00fcr jeden etwas Interessantes dabei.\u00a0<\/p>\t\t\t\t\t\t<\/div>\n\t\t\t\t<\/div>\n\t\t\t\t<div class=\"elementor-element elementor-element-fa9d774 elementor-widget elementor-widget-button\" data-id=\"fa9d774\" data-element_type=\"widget\" data-widget_type=\"button.default\">\n\t\t\t\t<div class=\"elementor-widget-container\">\n\t\t\t\t\t\t\t<div class=\"elementor-button-wrapper\">\n\t\t\t\t\t<a class=\"elementor-button elementor-button-link elementor-size-sm\" href=\"https:\/\/www.youtube.com\/@VSGAltglienickeBerlin\">\n\t\t\t\t\t\t<span class=\"elementor-button-content-wrapper\">\n\t\t\t\t\t\t\t\t\t<span class=\"elementor-button-text\">JETZT LESEN<\/span>\n\t\t\t\t\t<\/span>\n\t\t\t\t\t<\/a>\n\t\t\t\t<\/div>\n\t\t\t\t\t\t<\/div>\n\t\t\t\t<\/div>\n\t\t\t\t<\/div>\n\t\t\t\t<\/div>\n\t\t\t\t<\/div>\n\t\t<div class=\"elementor-element elementor-element-7b6994a e-con-full e-flex e-con e-parent\" data-id=\"7b6994a\" data-element_type=\"container\">\n\t\t\t\t<div class=\"elementor-element elementor-element-3a68c9c elementor-widget elementor-widget-spacer\" data-id=\"3a68c9c\" data-element_type=\"widget\" data-widget_type=\"spacer.default\">\n\t\t\t\t<div class=\"elementor-widget-container\">\n\t\t\t\t\t<div class=\"elementor-spacer\">\n\t\t\t<div class=\"elementor-spacer-inner\"><\/div>\n\t\t<\/div>\n\t\t\t\t<\/div>\n\t\t\t\t<\/div>\n\t\t<div class=\"elementor-element elementor-element-6bb62ea e-con-full e-flex e-con e-child\" data-id=\"6bb62ea\" data-element_type=\"container\">\n\t\t<div class=\"elementor-element elementor-element-12aef06 e-con-full e-flex e-con e-child\" data-id=\"12aef06\" data-element_type=\"container\">\n\t\t\t\t<div class=\"elementor-element elementor-element-b6d1ffa elementor-widget elementor-widget-heading\" data-id=\"b6d1ffa\" data-element_type=\"widget\" data-widget_type=\"heading.default\">\n\t\t\t\t<div class=\"elementor-widget-container\">\n\t\t\t<h2 class=\"elementor-heading-title elementor-size-default\">FANBETREUUNG<\/h2>\t\t<\/div>\n\t\t\t\t<\/div>\n\t\t\t\t<div class=\"elementor-element elementor-element-41dd585 elementor-widget elementor-widget-text-editor\" data-id=\"41dd585\" data-element_type=\"widget\" data-widget_type=\"text-editor.default\">\n\t\t\t\t<div class=\"elementor-widget-container\">\n\t\t\t\t\t\t\t<p>Jens Roloff ist neben seiner Funktion als Schiedsrichter Obmann ebenfalls als Fanbeauftragter bei der VSG aktiv. Christophe Winkler ist ebenfalls als Fanbeauftragter aktiv. Zusammen sind sie das Bindeglied zwischen Fans und Verein. Fans der VSG sto\u00dfen bei ihnen immer auf ein offenes Ohr.<\/p>\t\t\t\t\t\t<\/div>\n\t\t\t\t<\/div>\n\t\t\t\t<div class=\"elementor-element elementor-element-3e0124f elementor-widget elementor-widget-button\" data-id=\"3e0124f\" data-element_type=\"widget\" data-widget_type=\"button.default\">\n\t\t\t\t<div class=\"elementor-widget-container\">\n\t\t\t\t\t\t\t<div class=\"elementor-button-wrapper\">\n\t\t\t\t\t<a class=\"elementor-button elementor-button-link elementor-size-sm\" href=\"mailto:jr@fussball.vsg-altglienicke.de\">\n\t\t\t\t\t\t<span class=\"elementor-button-content-wrapper\">\n\t\t\t\t\t\t\t\t\t<span class=\"elementor-button-text\">Jetzt kontaktieren<\/span>\n\t\t\t\t\t<\/span>\n\t\t\t\t\t<\/a>\n\t\t\t\t<\/div>\n\t\t\t\t\t\t<\/div>\n\t\t\t\t<\/div>\n\t\t\t\t<\/div>\n\t\t<div class=\"elementor-element elementor-element-a507e5b e-con-full elementor-hidden-mobile e-flex e-con e-child\" data-id=\"a507e5b\" data-element_type=\"container\">\n\t\t<div class=\"elementor-element elementor-element-a17a4b3 e-con-full e-flex e-con e-child\" data-id=\"a17a4b3\" data-element_type=\"container\">\n\t\t\t\t<div class=\"elementor-element elementor-element-2539b70 elementor-widget elementor-widget-image\" data-id=\"2539b70\" data-element_type=\"widget\" data-widget_type=\"image.default\">\n\t\t\t\t<div class=\"elementor-widget-container\">\n\t\t\t\t\t\t\t\t\t\t\t\t\t<img loading=\"lazy\" decoding=\"async\" width=\"800\" height=\"954\" src=\"https:\/\/www.vsg-altglienicke.de\/fussball\/wp-content\/uploads\/2024\/08\/PlatzhalterBild-859x1024.png\" class=\"attachment-large size-large wp-image-2329\" alt=\"\" srcset=\"https:\/\/www.vsg-altglienicke.de\/fussball\/wp-content\/uploads\/2024\/08\/PlatzhalterBild-859x1024.png 859w, https:\/\/www.vsg-altglienicke.de\/fussball\/wp-content\/uploads\/2024\/08\/PlatzhalterBild-252x300.png 252w, https:\/\/www.vsg-altglienicke.de\/fussball\/wp-content\/uploads\/2024\/08\/PlatzhalterBild-768x915.png 768w, https:\/\/www.vsg-altglienicke.de\/fussball\/wp-content\/uploads\/2024\/08\/PlatzhalterBild-1289x1536.png 1289w, https:\/\/www.vsg-altglienicke.de\/fussball\/wp-content\/uploads\/2024\/08\/PlatzhalterBild-1718x2048.png 1718w, https:\/\/www.vsg-altglienicke.de\/fussball\/wp-content\/uploads\/2024\/08\/PlatzhalterBild-200x238.png 200w\" sizes=\"auto, (max-width: 800px) 100vw, 800px\" \/>\t\t\t\t\t\t\t\t\t\t\t\t\t<\/div>\n\t\t\t\t<\/div>\n\t\t\t\t<\/div>\n\t\t<div class=\"elementor-element elementor-element-417b677 e-con-full e-flex e-con e-child\" data-id=\"417b677\" data-element_type=\"container\">\n\t\t\t\t<div class=\"elementor-element elementor-element-d7277a6 elementor-widget elementor-widget-image\" data-id=\"d7277a6\" data-element_type=\"widget\" data-widget_type=\"image.default\">\n\t\t\t\t<div class=\"elementor-widget-container\">\n\t\t\t\t\t\t\t\t\t\t\t\t\t<img loading=\"lazy\" decoding=\"async\" width=\"682\" height=\"1024\" src=\"https:\/\/www.vsg-altglienicke.de\/fussball\/wp-content\/uploads\/2024\/08\/WhatsApp-Image-2024-09-24-at-17.23.55-682x1024.jpeg\" class=\"attachment-large size-large wp-image-3680\" alt=\"\" srcset=\"https:\/\/www.vsg-altglienicke.de\/fussball\/wp-content\/uploads\/2024\/08\/WhatsApp-Image-2024-09-24-at-17.23.55-682x1024.jpeg 682w, https:\/\/www.vsg-altglienicke.de\/fussball\/wp-content\/uploads\/2024\/08\/WhatsApp-Image-2024-09-24-at-17.23.55-200x300.jpeg 200w, https:\/\/www.vsg-altglienicke.de\/fussball\/wp-content\/uploads\/2024\/08\/WhatsApp-Image-2024-09-24-at-17.23.55-768x1153.jpeg 768w, https:\/\/www.vsg-altglienicke.de\/fussball\/wp-content\/uploads\/2024\/08\/WhatsApp-Image-2024-09-24-at-17.23.55-1023x1536.jpeg 1023w, https:\/\/www.vsg-altglienicke.de\/fussball\/wp-content\/uploads\/2024\/08\/WhatsApp-Image-2024-09-24-at-17.23.55-1364x2048.jpeg 1364w, https:\/\/www.vsg-altglienicke.de\/fussball\/wp-content\/uploads\/2024\/08\/WhatsApp-Image-2024-09-24-at-17.23.55-scaled.jpeg 1705w\" sizes=\"auto, (max-width: 682px) 100vw, 682px\" \/>\t\t\t\t\t\t\t\t\t\t\t\t\t<\/div>\n\t\t\t\t<\/div>\n\t\t\t\t<\/div>\n\t\t\t\t<\/div>\n\t\t\t\t<\/div>\n\t\t\t\t<\/div>\n\t\t<div class=\"elementor-element elementor-element-746d234 e-flex e-con-boxed e-con e-parent\" data-id=\"746d234\" data-element_type=\"container\">\n\t\t\t\t\t<div class=\"e-con-inner\">\n\t\t\t\t<div class=\"elementor-element elementor-element-45aa88c elementor-widget elementor-widget-spacer\" data-id=\"45aa88c\" data-element_type=\"widget\" data-widget_type=\"spacer.default\">\n\t\t\t\t<div class=\"elementor-widget-container\">\n\t\t\t\t\t<div class=\"elementor-spacer\">\n\t\t\t<div class=\"elementor-spacer-inner\"><\/div>\n\t\t<\/div>\n\t\t\t\t<\/div>\n\t\t\t\t<\/div>\n\t\t<div class=\"elementor-element elementor-element-57cc08f e-con-full e-flex e-con e-child\" data-id=\"57cc08f\" data-element_type=\"container\">\n\t\t<div class=\"elementor-element elementor-element-6eb7d9e e-con-full elementor-hidden-mobile e-flex e-con e-child\" data-id=\"6eb7d9e\" data-element_type=\"container\">\n\t\t\t\t<div class=\"elementor-element elementor-element-15cfb34 elementor-view-default elementor-widget elementor-widget-icon\" data-id=\"15cfb34\" data-element_type=\"widget\" data-widget_type=\"icon.default\">\n\t\t\t\t<div class=\"elementor-widget-container\">\n\t\t\t\t\t<div class=\"elementor-icon-wrapper\">\n\t\t\t<div class=\"elementor-icon\">\n\t\t\t<svg aria-hidden=\"true\" class=\"e-font-icon-svg e-fas-ticket-alt\" viewBox=\"0 0 576 512\" xmlns=\"http:\/\/www.w3.org\/2000\/svg\"><path d=\"M128 160h320v192H128V160zm400 96c0 26.51 21.49 48 48 48v96c0 26.51-21.49 48-48 48H48c-26.51 0-48-21.49-48-48v-96c26.51 0 48-21.49 48-48s-21.49-48-48-48v-96c0-26.51 21.49-48 48-48h480c26.51 0 48 21.49 48 48v96c-26.51 0-48 21.49-48 48zm-48-104c0-13.255-10.745-24-24-24H120c-13.255 0-24 10.745-24 24v208c0 13.255 10.745 24 24 24h336c13.255 0 24-10.745 24-24V152z\"><\/path><\/svg>\t\t\t<\/div>\n\t\t<\/div>\n\t\t\t\t<\/div>\n\t\t\t\t<\/div>\n\t\t\t\t<\/div>\n\t\t<div class=\"elementor-element elementor-element-213e841 e-con-full e-flex e-con e-child\" data-id=\"213e841\" data-element_type=\"container\">\n\t\t\t\t<div class=\"elementor-element elementor-element-8f6912e elementor-widget elementor-widget-heading\" data-id=\"8f6912e\" data-element_type=\"widget\" data-widget_type=\"heading.default\">\n\t\t\t\t<div class=\"elementor-widget-container\">\n\t\t\t<h2 class=\"elementor-heading-title elementor-size-default\">TICKETSHOP<\/h2>\t\t<\/div>\n\t\t\t\t<\/div>\n\t\t\t\t<div class=\"elementor-element elementor-element-8a57aff elementor-widget elementor-widget-text-editor\" data-id=\"8a57aff\" data-element_type=\"widget\" data-widget_type=\"text-editor.default\">\n\t\t\t\t<div class=\"elementor-widget-container\">\n\t\t\t\t\t\t\t<p>Ein Fu\u00dfballspiel lebt von der Stimmung im Stadion. Unterst\u00fctze unsere Mannschaft an den Spieltagen live im Stadion und treibe die Mannschaft zum Sieg. Sichere dir hierf\u00fcr ganz bequem dein Ticket von Zuhause oder Unterwegs.<\/p>\t\t\t\t\t\t<\/div>\n\t\t\t\t<\/div>\n\t\t\t\t<div class=\"elementor-element elementor-element-74188fc elementor-widget elementor-widget-button\" data-id=\"74188fc\" data-element_type=\"widget\" data-widget_type=\"button.default\">\n\t\t\t\t<div class=\"elementor-widget-container\">\n\t\t\t\t\t\t\t<div class=\"elementor-button-wrapper\">\n\t\t\t\t\t<a class=\"elementor-button elementor-button-link elementor-size-sm\" href=\"https:\/\/www.etix.com\/ticket\/v\/17012?cobrand=VSG-Altglienicke\">\n\t\t\t\t\t\t<span class=\"elementor-button-content-wrapper\">\n\t\t\t\t\t\t\t\t\t<span class=\"elementor-button-text\">Tickets sichern<\/span>\n\t\t\t\t\t<\/span>\n\t\t\t\t\t<\/a>\n\t\t\t\t<\/div>\n\t\t\t\t\t\t<\/div>\n\t\t\t\t<\/div>\n\t\t\t\t<\/div>\n\t\t\t\t<\/div>\n\t\t\t\t\t<\/div>\n\t\t\t\t<\/div>\n\t\t\t\t<\/div>\n\t\t","protected":false},"excerpt":{"rendered":"<p>Fans VSG TV Pressekonferenzen zu den Spieltagen und weitere interessante Videos produziert unser hauseigenes Team und ver\u00f6ffentlicht diese auf der Videoplattform YouTube. Neben Videos rund um den Spieltag sind auch unterhaltsame Formate mit unseren Spielern geplant, so k\u00f6nnt ihr unsere Mannschaft noch besser kennenlernen. JETZT VSG TV SCHAUEN STADION ECHO Das Stadion Echo ist das [&hellip;]<\/p>\n","protected":false},"author":4,"featured_media":0,"parent":0,"menu_order":0,"comment_status":"closed","ping_status":"closed","template":"","meta":{"_acf_changed":false,"footnotes":""},"class_list":["post-633","page","type-page","status-publish","hentry"],"acf":[],"publishpress_future_action":{"enabled":false,"date":"2026-04-22 02:18:46","action":"change-status","newStatus":"draft","terms":[],"taxonomy":"","extraData":[]},"publishpress_future_workflow_manual_trigger":{"enabledWorkflows":[]},"_links":{"self":[{"href":"https:\/\/www.vsg-altglienicke.de\/fussball\/wp-json\/wp\/v2\/pages\/633","targetHints":{"allow":["GET"]}}],"collection":[{"href":"https:\/\/www.vsg-altglienicke.de\/fussball\/wp-json\/wp\/v2\/pages"}],"about":[{"href":"https:\/\/www.vsg-altglienicke.de\/fussball\/wp-json\/wp\/v2\/types\/page"}],"author":[{"embeddable":true,"href":"https:\/\/www.vsg-altglienicke.de\/fussball\/wp-json\/wp\/v2\/users\/4"}],"replies":[{"embeddable":true,"href":"https:\/\/www.vsg-altglienicke.de\/fussball\/wp-json\/wp\/v2\/comments?post=633"}],"version-history":[{"count":181,"href":"https:\/\/www.vsg-altglienicke.de\/fussball\/wp-json\/wp\/v2\/pages\/633\/revisions"}],"predecessor-version":[{"id":4310,"href":"https:\/\/www.vsg-altglienicke.de\/fussball\/wp-json\/wp\/v2\/pages\/633\/revisions\/4310"}],"wp:attachment":[{"href":"https:\/\/www.vsg-altglienicke.de\/fussball\/wp-json\/wp\/v2\/media?parent=633"}],"curies":[{"name":"wp","href":"https:\/\/api.w.org\/{rel}","templated":true}]}}