{"id":6,"date":"2018-04-11T13:50:59","date_gmt":"2018-04-11T11:50:59","guid":{"rendered":"http:\/\/www.vsg-altglienicke.de\/federball\/?page_id=6"},"modified":"2026-04-29T14:50:48","modified_gmt":"2026-04-29T12:50:48","slug":"mitgliedschaft","status":"publish","type":"page","link":"https:\/\/www.vsg-altglienicke.de\/badminton\/mitgliedschaft\/","title":{"rendered":"Trainingszeiten &#038; Mitgliedschaft"},"content":{"rendered":"<div data-colibri-id=\"6-c1\" class=\"style-352 style-local-6-c1 position-relative\">\n  <!---->\n  <div data-colibri-component=\"section\" data-colibri-id=\"6-c2\" id=\"initial-content\" class=\"h-section h-section-global-spacing d-flex align-items-lg-center align-items-md-center align-items-center style-353 style-local-6-c2 position-relative\">\n    <!---->\n    <!---->\n    <div class=\"h-section-grid-container h-section-boxed-container\">\n      <!---->\n      <div data-colibri-id=\"6-c3\" class=\"h-row-container gutters-row-lg-0 gutters-row-md-0 gutters-row-0 gutters-row-v-lg-0 gutters-row-v-md-0 gutters-row-v-0 style-755 style-local-6-c3 position-relative\">\n        <!---->\n        <div class=\"h-row justify-content-lg-center justify-content-md-center justify-content-center align-items-lg-stretch align-items-md-stretch align-items-stretch gutters-col-lg-0 gutters-col-md-0 gutters-col-0 gutters-col-v-lg-0 gutters-col-v-md-0 gutters-col-v-0\">\n          <!---->\n          <div class=\"h-column h-column-container d-flex h-col-lg-auto h-col-md-auto h-col-auto style-756-outer style-local-6-c4-outer\">\n            <div data-colibri-id=\"6-c4\" class=\"d-flex h-flex-basis h-column__inner h-px-lg-0 h-px-md-0 h-px-0 v-inner-lg-0 v-inner-md-0 v-inner-0 style-756 style-local-6-c4 position-relative\">\n              <!---->\n              <!---->\n              <div class=\"w-100 h-y-container h-column__content h-column__v-align flex-basis-100 align-self-lg-start align-self-md-start align-self-start\">\n                <!---->\n                <div data-colibri-id=\"6-c5\" class=\"h-text h-text-component style-758 style-local-6-c5 position-relative h-element\">\n                  <!---->\n                  <!---->\n                  <div class=\"\">\n                    <p>Trainingsgruppen, Trainingstage und Trainingshallen<\/p>\n                  <\/div>\n                <\/div>\n              <\/div>\n            <\/div>\n          <\/div>\n        <\/div>\n      <\/div>\n      <div data-colibri-id=\"6-c6\" class=\"h-row-container gutters-row-lg-1 gutters-row-md-1 gutters-row-0 gutters-row-v-lg-1 gutters-row-v-md-1 gutters-row-v-1 style-752 style-local-6-c6 position-relative\">\n        <!---->\n        <div class=\"h-row justify-content-lg-center justify-content-md-center justify-content-center align-items-lg-stretch align-items-md-stretch align-items-stretch gutters-col-lg-1 gutters-col-md-1 gutters-col-0 gutters-col-v-lg-1 gutters-col-v-md-1 gutters-col-v-1\">\n          <!---->\n          <div class=\"h-column h-column-container d-flex h-col-lg-auto h-col-md-auto h-col-auto style-753-outer style-local-6-c7-outer\">\n            <div data-colibri-id=\"6-c7\" class=\"d-flex h-flex-basis h-column__inner h-px-lg-1 h-px-md-1 h-px-1 v-inner-lg-1 v-inner-md-1 v-inner-1 style-753 style-local-6-c7 position-relative\">\n              <!---->\n              <!---->\n              <div class=\"w-100 h-y-container h-column__content h-column__v-align flex-basis-100 align-self-lg-start align-self-md-start align-self-start\">\n                <!---->\n                <div data-colibri-id=\"6-c8\" class=\"d-block style-759 style-local-6-c8 position-relative h-element\">\n                  <!---->\n                  <div class=\"h-image__frame-container-outer\">\n                    <div class=\"h-image__frame-container\">\n                      <!---->\n                      <!---->\n                      <img loading=\"lazy\" decoding=\"async\" width=\"1117\" height=\"685\" src=\"https:\/\/www.vsg-altglienicke.de\/badminton\/wp-content\/uploads\/2026\/04\/Trainingszeiten-05.26.jpg\" class=\"wp-image-4111 style-759-image style-local-6-c8-image\" alt=\"\" srcset=\"https:\/\/www.vsg-altglienicke.de\/badminton\/wp-content\/uploads\/2026\/04\/Trainingszeiten-05.26.jpg 1117w, https:\/\/www.vsg-altglienicke.de\/badminton\/wp-content\/uploads\/2026\/04\/Trainingszeiten-05.26-300x184.jpg 300w, https:\/\/www.vsg-altglienicke.de\/badminton\/wp-content\/uploads\/2026\/04\/Trainingszeiten-05.26-1024x628.jpg 1024w, https:\/\/www.vsg-altglienicke.de\/badminton\/wp-content\/uploads\/2026\/04\/Trainingszeiten-05.26-768x471.jpg 768w\" sizes=\"(max-width: 1117px) 100vw, 1117px\" \/>\n                      <div class=\"h-image__frame h-hide-lg h-hide-md h-hide-sm style-759-frameImage style-local-6-c8-frameImage\"><\/div>\n                    <\/div>\n                  <\/div>\n                <\/div>\n              <\/div>\n            <\/div>\n          <\/div>\n        <\/div>\n      <\/div>\n      <div data-colibri-id=\"6-c9\" class=\"h-row-container gutters-row-lg-0 gutters-row-md-0 gutters-row-0 gutters-row-v-lg-0 gutters-row-v-md-0 gutters-row-v-0 style-360 style-local-6-c9 position-relative\">\n        <!---->\n        <div class=\"h-row justify-content-lg-center justify-content-md-center justify-content-center align-items-lg-stretch align-items-md-stretch align-items-stretch gutters-col-lg-0 gutters-col-md-0 gutters-col-0 gutters-col-v-lg-0 gutters-col-v-md-0 gutters-col-v-0\">\n          <!---->\n          <div class=\"h-column h-column-container d-flex h-col-lg-auto h-col-md-auto h-col-auto style-361-outer style-local-6-c10-outer\">\n            <div data-colibri-id=\"6-c10\" class=\"d-flex h-flex-basis h-column__inner h-px-lg-2 h-px-md-2 h-px-2 v-inner-lg-2 v-inner-md-2 v-inner-2 style-361 style-local-6-c10 position-relative\">\n              <!---->\n              <!---->\n              <div class=\"w-100 h-y-container h-column__content h-column__v-align flex-basis-100 align-self-lg-start align-self-md-start align-self-start\">\n                <!---->\n                <div data-colibri-id=\"6-c11\" class=\"h-text h-text-component style-364 style-local-6-c11 position-relative h-element\">\n                  <!---->\n                  <!---->\n                  <div class=\"\">\n                    <p>Du bist neu und m\u00f6chtest Mitglied werden?\n                      <br>\n                    <\/p>\n                  <\/div>\n                <\/div>\n              <\/div>\n            <\/div>\n          <\/div>\n          <div class=\"h-column h-column-container d-flex h-col-lg-auto h-col-md-auto h-col-auto style-362-outer style-local-6-c12-outer\">\n            <div data-colibri-id=\"6-c12\" class=\"d-flex h-flex-basis h-column__inner h-px-lg-2 h-px-md-2 h-px-2 v-inner-lg-2 v-inner-md-2 v-inner-2 style-362 style-local-6-c12 position-relative\">\n              <!---->\n              <!---->\n              <div class=\"w-100 h-y-container h-column__content h-column__v-align flex-basis-100 align-self-lg-start align-self-md-start align-self-start\">\n                <!---->\n                <div data-colibri-id=\"6-c13\" class=\"h-text h-text-component style-365 style-local-6-c13 position-relative h-element\">\n                  <!---->\n                  <!---->\n                  <div class=\"\">\n                    <p>Du m\u00f6chtest deine Mitgliedschaft k\u00fcndigen?\n                      <br>\n                    <\/p>\n                  <\/div>\n                <\/div>\n              <\/div>\n            <\/div>\n          <\/div>\n        <\/div>\n      <\/div>\n      <div data-colibri-id=\"6-c14\" class=\"h-row-container gutters-row-lg-3 gutters-row-md-3 gutters-row-0 gutters-row-v-lg-3 gutters-row-v-md-3 gutters-row-v-3 style-357 style-local-6-c14 position-relative\">\n        <!---->\n        <div class=\"h-row justify-content-lg-center justify-content-md-center justify-content-center align-items-lg-stretch align-items-md-stretch align-items-stretch gutters-col-lg-3 gutters-col-md-3 gutters-col-0 gutters-col-v-lg-3 gutters-col-v-md-3 gutters-col-v-3\">\n          <!---->\n          <div class=\"h-column h-column-container d-flex h-col-lg-auto h-col-md-auto h-col-auto style-358-outer style-local-6-c15-outer\">\n            <div data-colibri-id=\"6-c15\" class=\"d-flex h-flex-basis h-column__inner h-px-lg-3 h-px-md-3 h-px-3 v-inner-lg-3 v-inner-md-3 v-inner-3 style-358 style-local-6-c15 position-relative\">\n              <!---->\n              <!---->\n              <div class=\"w-100 h-y-container h-column__content h-column__v-align flex-basis-100 align-self-lg-start align-self-md-start align-self-start\">\n                <!---->\n                <div data-colibri-id=\"6-c16\" class=\"h-text h-text-component style-363 style-local-6-c16 position-relative h-element\">\n                  <!---->\n                  <!---->\n                  <div class=\"\">\n                    <p><span style=\"font-size: 12pt;\">Vier Mal kannst du bei uns kostenlos zur Probe mittrainieren. <br>Wenn es dir Spa\u00df gemacht hat und du weiterspielen willst, dann <br>f\u00fcll den <\/span>\n                      <a href=\"https:\/\/www.vsg-altglienicke.de\/vorstand13\/files\/Aufnahmeantrag.pdf\"\n                        style=\"font-size: 12pt; color: windowtext;\" class=\"customize-unpreviewable\"><strong>Aufnahmeantrag <\/strong><\/a><span style=\"font-size: 12pt;\">aus und bring ihn zum Training mit. <br>Bitte vergiss die Aufnahmegeb\u00fchr von 10\u20ac nicht. <br>Unsere Beitragss\u00e4tze findest du unter <\/span> <span style=\"font-size: 11pt; font-family: Calibri, sans-serif;\">\u201e<\/span>\n                      <strong\n                        style=\"font-size: 14pt; color: blue; font-family: Calibri, sans-serif;\">\n                        <u>Beitr\u00e4ge<\/u>\n                        <\/strong><span style=\"font-size: 11pt; font-family: Calibri, sans-serif;\">\u201c<\/span><span style=\"font-size: 12pt;\">.<\/span><\/p>\n                  <\/div>\n                <\/div>\n              <\/div>\n            <\/div>\n          <\/div>\n          <div class=\"h-column h-column-container d-flex h-col-lg-auto h-col-md-auto h-col-auto style-359-outer style-local-6-c17-outer\">\n            <div data-colibri-id=\"6-c17\" class=\"d-flex h-flex-basis h-column__inner h-px-lg-1 h-px-md-1 h-px-1 v-inner-lg-1 v-inner-md-1 v-inner-1 style-359 style-local-6-c17 position-relative\">\n              <!---->\n              <!---->\n              <div class=\"w-100 h-y-container h-column__content h-column__v-align flex-basis-100 align-self-lg-start align-self-md-start align-self-start\">\n                <!---->\n                <div data-colibri-id=\"6-c18\" class=\"h-text h-text-component style-366 style-local-6-c18 position-relative h-element\">\n                  <!---->\n                  <!---->\n                  <div class=\"\">\n                    <p><strong>Die K\u00fcndigung muss direkt an die Abteilungsleitung Badminton gehen!<\/strong><\/p>\n                    <p>Die <strong style=\"font-size: 11.5pt;\">Austrittserkl\u00e4rung <\/strong>ausf\u00fcllen und per Email an <strong style=\"font-family: Calibri, sans-serif; font-size: 14pt;\">badminton@vsg-altglienicke.de&nbsp;<\/strong>.\n                      <br>Es besteht auch die M\u00f6glichkeit, die Austrittserkl\u00e4rung pers\u00f6nlich an unsere Abteilungsleitung Badminton zu \u00fcbergeben. Sollte die K\u00fcndigung per Post an den Gesamtverein geschickt werden, ist ein schriftlicher Nachweis \u00fcber den Versand\n                      zwingend notwendig. Eine Eingangsbest\u00e4tigung durch die Abteilungsleitung ist notwendig, um den Austritt aus der Abteilung\/dem Verein zu legitimieren.<\/p>\n                    <p>Die K\u00fcndigungsfrist der Abteilung Badminton der VSG Altglienicke e. V. betr\u00e4gt ein Monat zum Quartalsende.\n                      <br>\n                    <\/p>\n                  <\/div>\n                <\/div>\n              <\/div>\n            <\/div>\n          <\/div>\n        <\/div>\n      <\/div>\n      <div data-colibri-id=\"6-c19\" class=\"h-row-container gutters-row-lg-0 gutters-row-md-0 gutters-row-0 gutters-row-v-lg-0 gutters-row-v-md-0 gutters-row-v-0 style-534 style-local-6-c19 position-relative\">\n        <!---->\n        <div class=\"h-row justify-content-lg-start justify-content-md-start justify-content-start align-items-lg-start align-items-md-start align-items-start gutters-col-lg-0 gutters-col-md-0 gutters-col-0 gutters-col-v-lg-0 gutters-col-v-md-0 gutters-col-v-0\">\n          <!---->\n          <div class=\"h-column h-column-container d-flex h-col-lg-auto h-col-md-auto h-col-auto align-self-lg-start align-self-md-start align-self-start style-535-outer style-local-6-c20-outer\">\n            <div data-colibri-id=\"6-c20\" class=\"d-flex h-flex-basis h-column__inner h-px-lg-0 h-px-md-0 h-px-0 v-inner-lg-0 v-inner-md-0 v-inner-0 style-535 style-local-6-c20 position-relative\">\n              <!---->\n              <!---->\n              <div class=\"w-100 h-y-container h-column__content h-column__v-align flex-basis-100 align-self-lg-center align-self-md-center align-self-center\">\n                <!---->\n                <div data-colibri-id=\"6-c21\" class=\"h-x-container style-537 style-local-6-c21 position-relative h-element\">\n                  <!---->\n                  <div class=\"h-x-container-inner style-dynamic-6-c21-group style-537-spacing style-local-6-c21-spacing\"><span class=\"h-link__outer style-538-outer style-local-6-c22-outer d-inline-flex h-element\"><a h-use-smooth-scroll=\"true\" href=\"https:\/\/www.vsg-altglienicke.de\/badminton\/wp-content\/uploads\/2025\/03\/Aufnahmeantrag-VSG-Altglienicke-e.-V.pdf\" target=\"_blank\" data-colibri-id=\"6-c22\" class=\"d-flex w-100 align-items-center h-link style-538 style-local-6-c22 position-relative\" rel=\"noopener\"><!----><!----> <span>Hier findest du den Aufnahmeantrag<\/span><\/a>\n                    <\/span>\n                  <\/div>\n                <\/div>\n              <\/div>\n            <\/div>\n          <\/div>\n          <div class=\"h-column h-column-container d-flex h-col-lg-auto h-col-md-auto h-col-auto align-self-lg-start align-self-md-start align-self-start style-536-outer style-local-6-c23-outer\">\n            <div data-colibri-id=\"6-c23\" class=\"d-flex h-flex-basis h-column__inner h-px-lg-0 h-px-md-0 h-px-0 v-inner-lg-0 v-inner-md-0 v-inner-0 style-536 style-local-6-c23 position-relative\">\n              <!---->\n              <!---->\n              <div class=\"w-100 h-y-container h-column__content h-column__v-align flex-basis-100 align-self-lg-start align-self-md-start align-self-start\">\n                <!---->\n                <div data-colibri-id=\"6-c24\" class=\"h-x-container style-539 style-local-6-c24 position-relative h-element\">\n                  <!---->\n                  <div class=\"h-x-container-inner style-dynamic-6-c24-group style-539-spacing style-local-6-c24-spacing\"><span class=\"h-link__outer style-540-outer style-local-6-c25-outer d-inline-flex h-element\"><a h-use-smooth-scroll=\"true\" href=\"https:\/\/www.vsg-altglienicke.de\/badminton\/wp-content\/uploads\/2018\/04\/Austrittserkl%c3%a4rung-VSG-Altglienicke-Abt.-Badminton.pdf\" target=\"_blank\" data-colibri-id=\"6-c25\" class=\"d-flex w-100 align-items-center h-link style-540 style-local-6-c25 position-relative\" rel=\"noopener\"><!----><!----> <span>Hier findest du die Austrittserkl\u00e4rung<\/span><\/a>\n                    <\/span>\n                  <\/div>\n                <\/div>\n              <\/div>\n            <\/div>\n          <\/div>\n        <\/div>\n      <\/div>\n      <div data-colibri-id=\"6-c26\" class=\"h-row-container gutters-row-lg-2 gutters-row-md-2 gutters-row-0 gutters-row-v-lg-2 gutters-row-v-md-2 gutters-row-v-2 style-368 style-local-6-c26 position-relative\">\n        <!---->\n        <div class=\"h-row justify-content-lg-center justify-content-md-center justify-content-center align-items-lg-stretch align-items-md-stretch align-items-stretch gutters-col-lg-2 gutters-col-md-2 gutters-col-0 gutters-col-v-lg-2 gutters-col-v-md-2 gutters-col-v-2\">\n          <!---->\n          <div class=\"h-column h-column-container d-flex h-col-lg-auto h-col-md-auto h-col-auto style-369-outer style-local-6-c27-outer\">\n            <div data-colibri-id=\"6-c27\" class=\"d-flex h-flex-basis h-column__inner h-px-lg-2 h-px-md-2 h-px-2 v-inner-lg-2 v-inner-md-2 v-inner-2 style-369 style-local-6-c27 position-relative\">\n              <!---->\n              <!---->\n              <div class=\"w-100 h-y-container h-column__content h-column__v-align flex-basis-100 align-self-lg-start align-self-md-start align-self-start\">\n                <!---->\n                <div data-colibri-id=\"6-c28\" class=\"h-x-container style-372 style-local-6-c28 position-relative h-element\">\n                  <!---->\n                  <div class=\"h-x-container-inner style-dynamic-6-c28-group style-372-spacing style-local-6-c28-spacing\"><span class=\"h-link__outer style-373-outer style-local-6-c29-outer d-inline-flex h-element\"><a h-use-smooth-scroll=\"true\" href=\"https:\/\/www.vsg-altglienicke.de\/impressumstartseite\/index.html\" target=\"_blank\" data-colibri-id=\"6-c29\" class=\"d-flex w-100 align-items-center h-link style-373 style-local-6-c29 position-relative\" rel=\"noopener\"><!----><!----> <span>Hier findest du das Impressum der VSG Altglienicke e. V.<\/span><\/a>\n                    <\/span><span class=\"h-link__outer style-374-outer style-local-6-c30-outer d-inline-flex h-element\"><a h-use-smooth-scroll=\"true\" href=\"https:\/\/www.vsg-altglienicke.de\/vorstand13\/satzung.html\" target=\"_blank\" data-colibri-id=\"6-c30\" class=\"d-flex w-100 align-items-center h-link style-374 style-local-6-c30 position-relative\" rel=\"noopener\"><!----><!----> <span>Hier findest du die Satzung der VSG Altglienicke e. V.<\/span><\/a>\n                    <\/span>\n                  <\/div>\n                <\/div>\n              <\/div>\n            <\/div>\n          <\/div>\n        <\/div>\n      <\/div>\n    <\/div>\n  <\/div>\n<\/div>","protected":false},"excerpt":{"rendered":"<p>Trainingsgruppen, Trainingstage und Trainingshallen Du bist neu und m\u00f6chtest Mitglied werden? Du m\u00f6chtest deine Mitgliedschaft k\u00fcndigen? Vier Mal kannst du bei uns kostenlos zur Probe mittrainieren. Wenn es dir Spa\u00df gemacht hat und du weiterspielen willst, dann f\u00fcll den Aufnahmeantrag aus und bring ihn zum Training mit. Bitte vergiss die Aufnahmegeb\u00fchr von 10\u20ac nicht. Unsere [&hellip;]<\/p>\n","protected":false},"author":2,"featured_media":0,"parent":0,"menu_order":4,"comment_status":"closed","ping_status":"closed","template":"page-templates\/full-width-page.php","meta":{"footnotes":""},"_links":{"self":[{"href":"https:\/\/www.vsg-altglienicke.de\/badminton\/wp-json\/wp\/v2\/pages\/6"}],"collection":[{"href":"https:\/\/www.vsg-altglienicke.de\/badminton\/wp-json\/wp\/v2\/pages"}],"about":[{"href":"https:\/\/www.vsg-altglienicke.de\/badminton\/wp-json\/wp\/v2\/types\/page"}],"author":[{"embeddable":true,"href":"https:\/\/www.vsg-altglienicke.de\/badminton\/wp-json\/wp\/v2\/users\/2"}],"replies":[{"embeddable":true,"href":"https:\/\/www.vsg-altglienicke.de\/badminton\/wp-json\/wp\/v2\/comments?post=6"}],"version-history":[{"count":21,"href":"https:\/\/www.vsg-altglienicke.de\/badminton\/wp-json\/wp\/v2\/pages\/6\/revisions"}],"predecessor-version":[{"id":4114,"href":"https:\/\/www.vsg-altglienicke.de\/badminton\/wp-json\/wp\/v2\/pages\/6\/revisions\/4114"}],"wp:attachment":[{"href":"https:\/\/www.vsg-altglienicke.de\/badminton\/wp-json\/wp\/v2\/media?parent=6"}],"curies":[{"name":"wp","href":"https:\/\/api.w.org\/{rel}","templated":true}]}}