{"id":3345,"date":"2024-08-31T18:12:50","date_gmt":"2024-08-31T16:12:50","guid":{"rendered":"https:\/\/www.vsg-altglienicke.de\/badminton\/?page_id=3345"},"modified":"2026-03-29T13:33:57","modified_gmt":"2026-03-29T11:33:57","slug":"kurzundknapp","status":"publish","type":"page","link":"https:\/\/www.vsg-altglienicke.de\/badminton\/kurzundknapp\/","title":{"rendered":"kurz &#038; knapp"},"content":{"rendered":"<div data-colibri-id=\"3345-c1\" class=\"style-771 style-local-3345-c1 position-relative\">\n  <!---->\n  <div data-colibri-component=\"section\" data-colibri-id=\"3345-c2\" id=\"custom\" class=\"h-section h-section-global-spacing d-flex align-items-lg-center align-items-md-center align-items-center style-772 style-local-3345-c2 position-relative\">\n    <!---->\n    <!---->\n    <div class=\"h-section-grid-container h-section-boxed-container\">\n      <!---->\n      <div data-colibri-id=\"3345-c3\" class=\"h-row-container gutters-row-lg-2 gutters-row-md-2 gutters-row-0 gutters-row-v-lg-2 gutters-row-v-md-2 gutters-row-v-2 style-775 style-local-3345-c3 position-relative\">\n        <!---->\n        <div class=\"h-row justify-content-lg-center justify-content-md-center justify-content-center align-items-lg-stretch align-items-md-stretch align-items-stretch gutters-col-lg-2 gutters-col-md-2 gutters-col-0 gutters-col-v-lg-2 gutters-col-v-md-2 gutters-col-v-2\">\n          <!---->\n          <div class=\"h-column h-column-container d-flex h-col-lg-auto h-col-md-auto h-col-auto style-776-outer style-local-3345-c4-outer\">\n            <div data-colibri-id=\"3345-c4\" class=\"d-flex h-flex-basis h-column__inner h-px-lg-2 h-px-md-2 h-px-2 v-inner-lg-2 v-inner-md-2 v-inner-2 style-776 style-local-3345-c4 position-relative\">\n              <!---->\n              <!---->\n              <div class=\"w-100 h-y-container h-column__content h-column__v-align flex-basis-100 align-self-lg-start align-self-md-start align-self-start\">\n                <!---->\n                <div data-colibri-id=\"3345-c5\" class=\"h-text h-text-component style-777 style-local-3345-c5 position-relative h-element\">\n                  <!---->\n                  <!---->\n                  <div class=\"\">\n                    <p><strong>Herzlich Willkommen auf der Homepage der VSG Altglienicke &#8211; <br> Abteilung Badminton<br> <\/strong><\/p>\n                  <\/div>\n                <\/div>\n              <\/div>\n            <\/div>\n          <\/div>\n        <\/div>\n      <\/div>\n      <div data-colibri-id=\"3345-c6\" class=\"h-row-container gutters-row-lg-0 gutters-row-md-0 gutters-row-0 gutters-row-v-lg-0 gutters-row-v-md-0 gutters-row-v-0 style-773 style-local-3345-c6 position-relative\">\n        <!---->\n        <div class=\"h-row justify-content-lg-center justify-content-md-center justify-content-center align-items-lg-stretch align-items-md-stretch align-items-stretch gutters-col-lg-0 gutters-col-md-0 gutters-col-0 gutters-col-v-lg-0 gutters-col-v-md-0 gutters-col-v-0\">\n          <!---->\n          <div class=\"h-column h-column-container d-flex h-col-lg-auto h-col-md-auto h-col-auto style-774-outer style-local-3345-c7-outer\">\n            <div data-colibri-id=\"3345-c7\" class=\"d-flex h-flex-basis h-column__inner h-px-lg-0 h-px-md-0 h-px-0 v-inner-lg-0 v-inner-md-0 v-inner-0 style-774 style-local-3345-c7 position-relative\">\n              <!---->\n              <!---->\n              <div class=\"w-100 h-y-container h-column__content h-column__v-align flex-basis-100 align-self-lg-start align-self-md-start align-self-start\">\n                <!---->\n                <div data-colibri-id=\"3345-c8\" class=\"h-text h-text-component style-778 style-local-3345-c8 position-relative h-element\">\n                  <!---->\n                  <!---->\n                  <div class=\"\">\n                    <p><strong>Interesse an einem Probetraining? <br> <\/strong> Melde dich gleich \u00fcber unser Anmeldeformular an.\n                      <br>\n                    <\/p>\n                  <\/div>\n                <\/div>\n              <\/div>\n            <\/div>\n          <\/div>\n        <\/div>\n      <\/div>\n      <div data-colibri-id=\"3345-c9\" class=\"h-row-container gutters-row-lg-0 gutters-row-md-0 gutters-row-0 gutters-row-v-lg-0 gutters-row-v-md-0 gutters-row-v-0 style-818 style-local-3345-c9 position-relative\">\n        <!---->\n        <div class=\"h-row justify-content-lg-center justify-content-md-center justify-content-center align-items-lg-stretch align-items-md-stretch align-items-stretch gutters-col-lg-0 gutters-col-md-0 gutters-col-0 gutters-col-v-lg-0 gutters-col-v-md-0 gutters-col-v-0\">\n          <!---->\n          <div class=\"h-column h-column-container d-flex h-col-lg-auto h-col-md-auto h-col-auto style-819-outer style-local-3345-c10-outer\">\n            <div data-colibri-id=\"3345-c10\" class=\"d-flex h-flex-basis h-column__inner h-px-lg-3 h-px-md-3 h-px-3 v-inner-lg-3 v-inner-md-3 v-inner-3 style-819 style-local-3345-c10 position-relative\">\n              <!---->\n              <!---->\n              <div class=\"w-100 h-y-container h-column__content h-column__v-align flex-basis-100 align-self-lg-start align-self-md-start align-self-start\">\n                <!---->\n                <div data-colibri-id=\"3345-c11\" class=\"h-x-container style-821 style-local-3345-c11 position-relative h-element\">\n                  <!---->\n                  <div class=\"h-x-container-inner style-dynamic-3345-c11-group style-821-spacing style-local-3345-c11-spacing\"><span class=\"h-link__outer style-822-outer style-local-3345-c12-outer d-inline-flex h-element\"><a h-use-smooth-scroll=\"true\" href=\"https:\/\/www.vsg-altglienicke.de\/badminton\/probetraining\/\"  data-colibri-id=\"3345-c12\" class=\"d-flex w-100 align-items-center h-link style-822 style-local-3345-c12 position-relative\"><!----><!----> <span>Hier gehts zu deinem Probetraining \ud83d\ude42<\/span><\/a>\n                    <\/span>\n                  <\/div>\n                <\/div>\n              <\/div>\n            <\/div>\n          <\/div>\n        <\/div>\n      <\/div>\n      <div data-colibri-id=\"3345-c13\" class=\"h-row-container gutters-row-lg-2 gutters-row-md-2 gutters-row-0 gutters-row-v-lg-2 gutters-row-v-md-2 gutters-row-v-2 style-791 style-local-3345-c13 position-relative\">\n        <!---->\n        <div class=\"h-row justify-content-lg-center justify-content-md-center justify-content-center align-items-lg-stretch align-items-md-stretch align-items-stretch gutters-col-lg-2 gutters-col-md-2 gutters-col-0 gutters-col-v-lg-2 gutters-col-v-md-2 gutters-col-v-2\">\n          <!---->\n          <div class=\"h-column h-column-container d-flex h-col-lg-auto h-col-md-auto h-col-auto style-792-outer style-local-3345-c14-outer\">\n            <div data-colibri-id=\"3345-c14\" class=\"d-flex h-flex-basis h-column__inner h-px-lg-0 h-px-md-0 h-px-0 v-inner-lg-0 v-inner-md-0 v-inner-0 style-792 style-local-3345-c14 position-relative\">\n              <!---->\n              <!---->\n              <div class=\"w-100 h-y-container h-column__content h-column__v-align flex-basis-100 align-self-lg-start align-self-md-start align-self-start\">\n                <!---->\n                <div data-colibri-id=\"3345-c15\" class=\"h-text h-text-component style-795 style-local-3345-c15 position-relative h-element\">\n                  <!---->\n                  <!---->\n                  <div class=\"\">\n                    <p><strong style=\"font-family: Calibri, sans-serif; font-size: 14pt; color: blue;\">Im Mai 2016 gr\u00fcndeten wir die Badminton-Abteilung der VSG Altglienicke und <br> haben mittlerweile eine Gruppengr\u00f6\u00dfe von mehr als 60 Sportler:innen erreicht.<\/strong>\n                      <span\n                        style=\"font-family: Calibri, sans-serif; font-size: 14pt;\">\n                        <br>Anspruchsvolles aber auch entspannte Doppel- und Mixed-Spiele\n                        <br>sowie gelegentlich auch Einzel-Spiele stehen bei uns im Vordergrund.\n                        <br>Daneben findet gezieltes Training statt, dieses besteht u. a. aus\n                        <br>\u00dcbungen zur Lauftechnik und dem Erlernen bzw. Verbessern verschiedener Schlagtechniken .\n                        <br>\n                        <\/span>\n                    <\/p>\n                    <p><span style=\"font-size: 14pt; font-family: Calibri, sans-serif;\">_______________________________________<\/span><strong style=\"font-size: 14pt; font-family: Calibri, sans-serif; color: blue;\"><br><br>JUGEND AUFGEPASST! Bei uns kannst du ab 12 Jahren Badminton spielen!<\/strong>\n                      <span\n                        style=\"font-size: 14pt; font-family: Calibri, sans-serif;\">\n                        <br>\n                        <\/span><strong>NEU: SEIT DEZEMBER 2024 BIETEN WIR JUGENDTRAINING AN.<\/strong><strong style=\"font-size: 14pt; font-family: Calibri, sans-serif;\"> <\/strong><span style=\"font-size: 14pt; font-family: Calibri, sans-serif;\"><br>Dieses findet in der Grundschule am Wasserturm, Sachsenstr. 22, 12524 Berlin (Zugang \u00fcber Schulhof) statt.<br>Eine <\/span>\n                        <strong\n                          style=\"font-size: 14pt; font-family: Calibri, sans-serif;\">vorherige Anmeldung <\/strong><span style=\"font-size: 14pt; font-family: Calibri, sans-serif;\">zum Probetraining <\/span><strong style=\"font-size: 14pt; font-family: Calibri, sans-serif;\"> <\/strong><span style=\"font-size: 14pt; font-family: Calibri, sans-serif;\">ist notwendig. Verwende dazu einfach das Kontaktformular weiter oben.<br>_______________________________________<\/span>\n                          <strong\n                            style=\"font-size: 14pt; font-family: Calibri, sans-serif; color: blue;\">\n                            <br>\n                            <br>Bei uns gibt es 4x kostenloses Probetraining, egal ob Erwachsene:r oder Jugendliche:r!<\/strong><span style=\"font-size: 14pt; font-family: Calibri, sans-serif;\"> <br>F\u00fcr den Zeitpunkt des Probetrainings kann ein kostenloser Probeschl\u00e4ger zur Verf\u00fcgung gestellt werden, <br>sofern noch kein eigener Badmintonschl\u00e4ger vorhanden ist. <br>Nach Abschluss des Probetrainings sollte ein eigener Badmintonschl\u00e4ger vorhanden sein, <br>da aus Kapazit\u00e4tsgr\u00fcnden ggf. kein Probeschl\u00e4ger mehr zur Verf\u00fcgung gestellt werden kann.<\/span><\/p>\n                    <p><span style=\"font-family: Calibri, sans-serif; font-size: 14pt;\">_______________________________________<\/span><strong style=\"color: blue; font-family: Calibri, sans-serif; font-size: 14pt;\"><br><\/strong><\/p>\n                    <p><strong style=\"font-size: 14pt; font-family: Calibri, sans-serif; color: blue;\">Was wird f\u00fcr das Probetraining ben\u00f6tigt?<\/strong><span style=\"font-size: 14pt; font-family: Calibri, sans-serif;\"> <br>Hallenschuhe, Sportkleidung, (nach dem Probetraining) einen eigenen Badmintonschl\u00e4ger und das Wichtigste: Spa\u00df. \ud83d\ude42<br><\/span>\n                      <br><span style=\"font-size: 14pt; font-family: Calibri, sans-serif;\">_______________________________________<\/span><strong style=\"color: blue; font-size: 12pt;\"><br><br>Spitzenpreise!<\/strong><span style=\"font-family: Calibri, sans-serif; font-size: 14pt;\"><br>9,00\u20ac (Erm\u00e4\u00dfigung) bzw. 11,00\u20ac (Erwachsene) pro Monat und das <\/span><strong>inklusive <\/strong>\n                      <span\n                        style=\"font-family: Calibri, sans-serif; font-size: 14pt;\">Federb\u00e4lle!\n                        <br>Mehr dazu gibt es auf unserer Unterseite &#8222;Beitr\u00e4ge&#8220;.<\/span>\n                        <br>\n                    <\/p>\n                    <p><span style=\"font-size: 14pt; font-family: Calibri, sans-serif;\">_______________________________________<\/span><\/p>\n                    <p><strong style=\"font-size: 14pt; font-family: Calibri, sans-serif; color: blue;\"><br>Unsere Trainingszeiten:<\/strong><span style=\"font-size: 14pt; font-family: Calibri, sans-serif;\"><br><\/span><\/p>\n                  <\/div>\n                <\/div>\n              <\/div>\n            <\/div>\n          <\/div>\n        <\/div>\n      <\/div>\n      <div data-colibri-id=\"3345-c16\" class=\"h-row-container gutters-row-lg-0 gutters-row-md-0 gutters-row-0 gutters-row-v-lg-0 gutters-row-v-md-0 gutters-row-v-0 style-783 style-local-3345-c16 position-relative\">\n        <!---->\n        <div class=\"h-row justify-content-lg-center justify-content-md-center justify-content-center align-items-lg-stretch align-items-md-stretch align-items-stretch gutters-col-lg-0 gutters-col-md-0 gutters-col-0 gutters-col-v-lg-0 gutters-col-v-md-0 gutters-col-v-0\">\n          <!---->\n          <div class=\"h-column h-column-container d-flex h-col-lg-auto h-col-md-auto h-col-auto style-784-outer style-local-3345-c17-outer\">\n            <div data-colibri-id=\"3345-c17\" class=\"d-flex h-flex-basis h-column__inner h-px-lg-2 h-px-md-2 h-px-2 v-inner-lg-2 v-inner-md-2 v-inner-2 style-784 style-local-3345-c17 position-relative\">\n              <!---->\n              <!---->\n              <div class=\"w-100 h-y-container h-column__content h-column__v-align flex-basis-100 align-self-lg-start align-self-md-start align-self-start\">\n                <!---->\n                <div data-colibri-id=\"3345-c18\" class=\"d-block style-786 style-local-3345-c18 position-relative h-element\">\n                  <!---->\n                  <div class=\"h-image__frame-container-outer\">\n                    <div class=\"h-image__frame-container\">\n                      <!---->\n                      <!---->\n                      <img loading=\"lazy\" decoding=\"async\" width=\"1120\" height=\"624\" src=\"https:\/\/www.vsg-altglienicke.de\/badminton\/wp-content\/uploads\/2026\/03\/Trainingszeiten-04.26-1.jpg\" class=\"wp-image-4084 style-786-image style-local-3345-c18-image\" alt=\"\" srcset=\"https:\/\/www.vsg-altglienicke.de\/badminton\/wp-content\/uploads\/2026\/03\/Trainingszeiten-04.26-1.jpg 1120w, https:\/\/www.vsg-altglienicke.de\/badminton\/wp-content\/uploads\/2026\/03\/Trainingszeiten-04.26-1-300x167.jpg 300w, https:\/\/www.vsg-altglienicke.de\/badminton\/wp-content\/uploads\/2026\/03\/Trainingszeiten-04.26-1-1024x571.jpg 1024w, https:\/\/www.vsg-altglienicke.de\/badminton\/wp-content\/uploads\/2026\/03\/Trainingszeiten-04.26-1-768x428.jpg 768w\" sizes=\"(max-width: 1120px) 100vw, 1120px\" \/>\n                      <div class=\"h-image__frame h-hide-lg h-hide-md h-hide-sm style-786-frameImage style-local-3345-c18-frameImage\"><\/div>\n                    <\/div>\n                  <\/div>\n                <\/div>\n              <\/div>\n            <\/div>\n          <\/div>\n        <\/div>\n      <\/div>\n    <\/div>\n  <\/div>\n<\/div>","protected":false},"excerpt":{"rendered":"<p>Herzlich Willkommen auf der Homepage der VSG Altglienicke &#8211; Abteilung Badminton Interesse an einem Probetraining? Melde dich gleich \u00fcber unser Anmeldeformular an. Hier gehts zu deinem Probetraining \ud83d\ude42 Im Mai 2016 gr\u00fcndeten wir die Badminton-Abteilung der VSG Altglienicke und haben mittlerweile eine Gruppengr\u00f6\u00dfe von mehr als 60 Sportler:innen erreicht. Anspruchsvolles aber auch entspannte Doppel- und [&hellip;]<\/p>\n","protected":false},"author":2,"featured_media":0,"parent":0,"menu_order":0,"comment_status":"closed","ping_status":"closed","template":"page-templates\/full-width-page.php","meta":{"footnotes":""},"_links":{"self":[{"href":"https:\/\/www.vsg-altglienicke.de\/badminton\/wp-json\/wp\/v2\/pages\/3345"}],"collection":[{"href":"https:\/\/www.vsg-altglienicke.de\/badminton\/wp-json\/wp\/v2\/pages"}],"about":[{"href":"https:\/\/www.vsg-altglienicke.de\/badminton\/wp-json\/wp\/v2\/types\/page"}],"author":[{"embeddable":true,"href":"https:\/\/www.vsg-altglienicke.de\/badminton\/wp-json\/wp\/v2\/users\/2"}],"replies":[{"embeddable":true,"href":"https:\/\/www.vsg-altglienicke.de\/badminton\/wp-json\/wp\/v2\/comments?post=3345"}],"version-history":[{"count":21,"href":"https:\/\/www.vsg-altglienicke.de\/badminton\/wp-json\/wp\/v2\/pages\/3345\/revisions"}],"predecessor-version":[{"id":4086,"href":"https:\/\/www.vsg-altglienicke.de\/badminton\/wp-json\/wp\/v2\/pages\/3345\/revisions\/4086"}],"wp:attachment":[{"href":"https:\/\/www.vsg-altglienicke.de\/badminton\/wp-json\/wp\/v2\/media?parent=3345"}],"curies":[{"name":"wp","href":"https:\/\/api.w.org\/{rel}","templated":true}]}}